{"id":768,"date":"2018-01-26T18:23:20","date_gmt":"2018-01-26T18:23:20","guid":{"rendered":"http:\/\/rcaluminioycristal.com\/site\/?page_id=768"},"modified":"2023-08-28T16:33:05","modified_gmt":"2023-08-28T16:33:05","slug":"canceles-puertas-ventanas-aluminio-espejos-decortivos-cubiertas-precios-monterrey-nuevo-leon","status":"publish","type":"page","link":"https:\/\/rcaluminioycristal.com\/site\/canceles-puertas-ventanas-aluminio-espejos-decortivos-cubiertas-precios-monterrey-nuevo-leon\/","title":{"rendered":"PRODUCTOS"},"content":{"rendered":"<body><p><div class=\"fusion-fullwidth fullwidth-box fusion-builder-row-1 fusion-flex-container nonhundred-percent-fullwidth non-hundred-percent-height-scrolling\" style=\"--awb-border-radius-top-left:0px;--awb-border-radius-top-right:0px;--awb-border-radius-bottom-right:0px;--awb-border-radius-bottom-left:0px;\" ><div class=\"fusion-builder-row fusion-row fusion-flex-align-items-flex-start\" style=\"max-width:1144px;margin-left: calc(-4% \/ 2 );margin-right: calc(-4% \/ 2 );\"><div class=\"fusion-layout-column fusion_builder_column fusion-builder-column-0 fusion_builder_column_1_1 1_1 fusion-flex-column\" style=\"--awb-bg-size:cover;--awb-width-large:100%;--awb-margin-top-large:0px;--awb-spacing-right-large:1.92%;--awb-margin-bottom-large:20px;--awb-spacing-left-large:1.92%;--awb-width-medium:100%;--awb-spacing-right-medium:1.92%;--awb-spacing-left-medium:1.92%;--awb-width-small:100%;--awb-spacing-right-small:1.92%;--awb-spacing-left-small:1.92%;\"><div class=\"fusion-column-wrapper fusion-flex-justify-content-flex-start fusion-content-layout-column\"><div class=\"fusion-text fusion-text-1\"><p>Seleccione la categor\u00eda de su inter\u00e9s para ver galer\u00eda de im\u00e1genes de puertas, ventanas, barandales, canceles, mamparas, espejos decorativos y m\u00e1s fabricadas en aluminio, pvc, pl\u00e1stico, acr\u00edlico o vidrio templado. Cont\u00e1ctenos para asesor\u00eda y cotizar su proyecto.<\/p>\n<\/div><\/div><\/div><\/div><\/div><div class=\"fusion-fullwidth fullwidth-box fusion-builder-row-2 fusion-flex-container nonhundred-percent-fullwidth non-hundred-percent-height-scrolling\" style=\"--awb-border-radius-top-left:0px;--awb-border-radius-top-right:0px;--awb-border-radius-bottom-right:0px;--awb-border-radius-bottom-left:0px;\" ><div class=\"fusion-builder-row fusion-row fusion-flex-align-items-flex-start\" style=\"max-width:1144px;margin-left: calc(-4% \/ 2 );margin-right: calc(-4% \/ 2 );\"><div class=\"fusion-layout-column fusion_builder_column fusion-builder-column-1 fusion_builder_column_1_3 1_3 fusion-flex-column fusion-column-inner-bg-wrapper fusion-column-hover-type-liftup fusion-column-liftup-border fusion-animated\" style=\"--awb-inner-bg-color:#f4f4f4;--awb-inner-bg-size:cover;--awb-width-large:33.333333333333%;--awb-margin-top-large:0px;--awb-spacing-right-large:5.76%;--awb-margin-bottom-large:20px;--awb-spacing-left-large:5.76%;--awb-width-medium:33.333333333333%;--awb-order-medium:0;--awb-spacing-right-medium:5.76%;--awb-spacing-left-medium:5.76%;--awb-width-small:100%;--awb-order-small:0;--awb-spacing-right-small:1.92%;--awb-spacing-left-small:1.92%;\" data-animationType=\"zoomInLeft\" data-animationDuration=\"1.0\" data-animationOffset=\"top-into-view\"><span class=\"fusion-column-inner-bg hover-type-liftup\"><a class=\"fusion-column-anchor\" href=\"https:\/\/rcaluminioycristal.com\/site\/puertas-y-ventanas-aluminio-cristal-templado-monterrey\/\"><span class=\"fusion-column-inner-bg-image\"><\/span><\/a><\/span><div class=\"fusion-column-wrapper fusion-flex-justify-content-flex-start fusion-content-layout-column\"><div class=\"fusion-image-element \" style=\"text-align:center;--awb-caption-title-size:var(--h2_typography-font-size);--awb-caption-title-transform:var(--h2_typography-text-transform);--awb-caption-title-line-height:var(--h2_typography-line-height);--awb-caption-title-letter-spacing:var(--h2_typography-letter-spacing);\"><span class=\" fusion-imageframe imageframe-none imageframe-1 hover-type-none\" style=\"border:3px solid #f44336;\"><img data-recalc-dims=\"1\" decoding=\"async\" width=\"855\" height=\"540\" alt=\"Ventanas de Aluminio y Vidrio Templado en Monterrey\" title=\"Ventanas de Aluminio y Vidrio Templado en Monterrey\" src=\"https:\/\/i0.wp.com\/rcaluminioycristal.com\/site\/wp-content\/uploads\/2023\/08\/ventaneria-monterrey-aluminio.jpg?resize=855%2C540&#038;ssl=1\" class=\"img-responsive wp-image-3366\" srcset=\"https:\/\/i0.wp.com\/rcaluminioycristal.com\/site\/wp-content\/uploads\/2023\/08\/ventaneria-monterrey-aluminio.jpg?resize=200%2C126&amp;ssl=1 200w, https:\/\/i0.wp.com\/rcaluminioycristal.com\/site\/wp-content\/uploads\/2023\/08\/ventaneria-monterrey-aluminio.jpg?resize=320%2C202&amp;ssl=1 320w, https:\/\/i0.wp.com\/rcaluminioycristal.com\/site\/wp-content\/uploads\/2023\/08\/ventaneria-monterrey-aluminio.jpg?resize=400%2C253&amp;ssl=1 400w, https:\/\/i0.wp.com\/rcaluminioycristal.com\/site\/wp-content\/uploads\/2023\/08\/ventaneria-monterrey-aluminio.jpg?resize=600%2C379&amp;ssl=1 600w, https:\/\/i0.wp.com\/rcaluminioycristal.com\/site\/wp-content\/uploads\/2023\/08\/ventaneria-monterrey-aluminio.jpg?resize=700%2C441&amp;ssl=1 700w, https:\/\/i0.wp.com\/rcaluminioycristal.com\/site\/wp-content\/uploads\/2023\/08\/ventaneria-monterrey-aluminio.jpg?resize=768%2C485&amp;ssl=1 768w, https:\/\/i0.wp.com\/rcaluminioycristal.com\/site\/wp-content\/uploads\/2023\/08\/ventaneria-monterrey-aluminio.jpg?resize=800%2C505&amp;ssl=1 800w, https:\/\/i0.wp.com\/rcaluminioycristal.com\/site\/wp-content\/uploads\/2023\/08\/ventaneria-monterrey-aluminio.jpg?w=855&amp;ssl=1 855w\" sizes=\"(max-width: 640px) 100vw, 400px\" \/><\/span><\/div><div class=\"fusion-text fusion-text-2\"><p style=\"text-align: center;\"><span style=\"color: #ff0000;\"><b>VENTANERIA EN ALUMINIO<\/b><\/span><\/p>\n<\/div><\/div><\/div><div class=\"fusion-layout-column fusion_builder_column fusion-builder-column-2 fusion_builder_column_1_3 1_3 fusion-flex-column fusion-column-inner-bg-wrapper fusion-column-hover-type-liftup fusion-column-liftup-border fusion-animated\" style=\"--awb-inner-bg-color:#f4f4f4;--awb-inner-bg-size:cover;--awb-width-large:33.333333333333%;--awb-margin-top-large:0px;--awb-spacing-right-large:5.76%;--awb-margin-bottom-large:20px;--awb-spacing-left-large:5.76%;--awb-width-medium:33.333333333333%;--awb-order-medium:0;--awb-spacing-right-medium:5.76%;--awb-spacing-left-medium:5.76%;--awb-width-small:100%;--awb-order-small:0;--awb-spacing-right-small:1.92%;--awb-spacing-left-small:1.92%;\" data-animationType=\"zoomInLeft\" data-animationDuration=\"1.0\" data-animationDelay=\"0.1\" data-animationOffset=\"top-into-view\"><span class=\"fusion-column-inner-bg hover-type-liftup\"><a class=\"fusion-column-anchor\" href=\"https:\/\/rcaluminioycristal.com\/site\/linea-pvc-ventaneria-monterrey\/\"><span class=\"fusion-column-inner-bg-image\"><\/span><\/a><\/span><div class=\"fusion-column-wrapper fusion-flex-justify-content-flex-start fusion-content-layout-column\"><div class=\"fusion-image-element \" style=\"text-align:center;--awb-caption-title-size:var(--h2_typography-font-size);--awb-caption-title-transform:var(--h2_typography-text-transform);--awb-caption-title-line-height:var(--h2_typography-line-height);--awb-caption-title-letter-spacing:var(--h2_typography-letter-spacing);\"><span class=\" fusion-imageframe imageframe-none imageframe-2 hover-type-none\" style=\"border:3px solid #f44336;\"><img data-recalc-dims=\"1\" decoding=\"async\" width=\"855\" height=\"540\" alt=\"Ventanas de PVC y Vidrio en Monterrey\" title=\"Ventanas de PVC y Vidrio en Monterrey\" src=\"https:\/\/i0.wp.com\/rcaluminioycristal.com\/site\/wp-content\/uploads\/2023\/08\/instalacion-de-linea-pvc-17.jpg?resize=855%2C540&#038;ssl=1\" class=\"img-responsive wp-image-3364\" srcset=\"https:\/\/i0.wp.com\/rcaluminioycristal.com\/site\/wp-content\/uploads\/2023\/08\/instalacion-de-linea-pvc-17.jpg?resize=200%2C126&amp;ssl=1 200w, https:\/\/i0.wp.com\/rcaluminioycristal.com\/site\/wp-content\/uploads\/2023\/08\/instalacion-de-linea-pvc-17.jpg?resize=320%2C202&amp;ssl=1 320w, https:\/\/i0.wp.com\/rcaluminioycristal.com\/site\/wp-content\/uploads\/2023\/08\/instalacion-de-linea-pvc-17.jpg?resize=400%2C253&amp;ssl=1 400w, https:\/\/i0.wp.com\/rcaluminioycristal.com\/site\/wp-content\/uploads\/2023\/08\/instalacion-de-linea-pvc-17.jpg?resize=600%2C379&amp;ssl=1 600w, https:\/\/i0.wp.com\/rcaluminioycristal.com\/site\/wp-content\/uploads\/2023\/08\/instalacion-de-linea-pvc-17.jpg?resize=700%2C441&amp;ssl=1 700w, https:\/\/i0.wp.com\/rcaluminioycristal.com\/site\/wp-content\/uploads\/2023\/08\/instalacion-de-linea-pvc-17.jpg?resize=768%2C485&amp;ssl=1 768w, https:\/\/i0.wp.com\/rcaluminioycristal.com\/site\/wp-content\/uploads\/2023\/08\/instalacion-de-linea-pvc-17.jpg?resize=800%2C505&amp;ssl=1 800w, https:\/\/i0.wp.com\/rcaluminioycristal.com\/site\/wp-content\/uploads\/2023\/08\/instalacion-de-linea-pvc-17.jpg?w=855&amp;ssl=1 855w\" sizes=\"(max-width: 640px) 100vw, 400px\" \/><\/span><\/div><div class=\"fusion-text fusion-text-3\"><p style=\"text-align: center;\"><span style=\"color: #ff0000;\"><b>VENTANERIA EN PVC<\/b><\/span><\/p>\n<\/div><\/div><\/div><div class=\"fusion-layout-column fusion_builder_column fusion-builder-column-3 fusion_builder_column_1_3 1_3 fusion-flex-column fusion-column-inner-bg-wrapper fusion-column-hover-type-liftup fusion-column-liftup-border fusion-animated\" style=\"--awb-inner-bg-color:#f4f4f4;--awb-inner-bg-size:cover;--awb-width-large:33.333333333333%;--awb-margin-top-large:0px;--awb-spacing-right-large:5.76%;--awb-margin-bottom-large:20px;--awb-spacing-left-large:5.76%;--awb-width-medium:33.333333333333%;--awb-order-medium:0;--awb-spacing-right-medium:5.76%;--awb-spacing-left-medium:5.76%;--awb-width-small:100%;--awb-order-small:0;--awb-spacing-right-small:1.92%;--awb-spacing-left-small:1.92%;\" data-animationType=\"zoomInLeft\" data-animationDuration=\"1.0\" data-animationDelay=\"0.2\" data-animationOffset=\"top-into-view\"><span class=\"fusion-column-inner-bg hover-type-liftup\"><a class=\"fusion-column-anchor\" href=\"https:\/\/rcaluminioycristal.com\/site\/barandales-escaleras-terrazas-cristal-vidrio-templado-monterrey-san-nicolas\/\"><span class=\"fusion-column-inner-bg-image\"><\/span><\/a><\/span><div class=\"fusion-column-wrapper fusion-flex-justify-content-flex-start fusion-content-layout-column\"><div class=\"fusion-image-element \" style=\"text-align:center;--awb-caption-title-size:var(--h2_typography-font-size);--awb-caption-title-transform:var(--h2_typography-text-transform);--awb-caption-title-line-height:var(--h2_typography-line-height);--awb-caption-title-letter-spacing:var(--h2_typography-letter-spacing);\"><span class=\" fusion-imageframe imageframe-none imageframe-3 hover-type-none\" style=\"border:3px solid #f44336;\"><img data-recalc-dims=\"1\" decoding=\"async\" width=\"855\" height=\"540\" alt=\"Barandales de vidrio templado en Monterrey\" title=\"Barandales de vidrio templado en Monterrey\" src=\"https:\/\/i0.wp.com\/rcaluminioycristal.com\/site\/wp-content\/uploads\/2023\/08\/diseno-instalacion-barandales-negocios-oficina-monterrey-1.jpg?resize=855%2C540&#038;ssl=1\" class=\"img-responsive wp-image-3380\" srcset=\"https:\/\/i0.wp.com\/rcaluminioycristal.com\/site\/wp-content\/uploads\/2023\/08\/diseno-instalacion-barandales-negocios-oficina-monterrey-1.jpg?resize=200%2C126&amp;ssl=1 200w, https:\/\/i0.wp.com\/rcaluminioycristal.com\/site\/wp-content\/uploads\/2023\/08\/diseno-instalacion-barandales-negocios-oficina-monterrey-1.jpg?resize=320%2C202&amp;ssl=1 320w, https:\/\/i0.wp.com\/rcaluminioycristal.com\/site\/wp-content\/uploads\/2023\/08\/diseno-instalacion-barandales-negocios-oficina-monterrey-1.jpg?resize=400%2C253&amp;ssl=1 400w, https:\/\/i0.wp.com\/rcaluminioycristal.com\/site\/wp-content\/uploads\/2023\/08\/diseno-instalacion-barandales-negocios-oficina-monterrey-1.jpg?resize=600%2C379&amp;ssl=1 600w, https:\/\/i0.wp.com\/rcaluminioycristal.com\/site\/wp-content\/uploads\/2023\/08\/diseno-instalacion-barandales-negocios-oficina-monterrey-1.jpg?resize=700%2C441&amp;ssl=1 700w, https:\/\/i0.wp.com\/rcaluminioycristal.com\/site\/wp-content\/uploads\/2023\/08\/diseno-instalacion-barandales-negocios-oficina-monterrey-1.jpg?resize=768%2C485&amp;ssl=1 768w, https:\/\/i0.wp.com\/rcaluminioycristal.com\/site\/wp-content\/uploads\/2023\/08\/diseno-instalacion-barandales-negocios-oficina-monterrey-1.jpg?resize=800%2C505&amp;ssl=1 800w, https:\/\/i0.wp.com\/rcaluminioycristal.com\/site\/wp-content\/uploads\/2023\/08\/diseno-instalacion-barandales-negocios-oficina-monterrey-1.jpg?w=855&amp;ssl=1 855w\" sizes=\"(max-width: 640px) 100vw, 400px\" \/><\/span><\/div><div class=\"fusion-text fusion-text-4\"><p style=\"text-align: center;\"><span style=\"color: #ff0000;\"><strong>BARANDALES<\/strong><\/span><\/p>\n<\/div><\/div><\/div><\/div><\/div><div class=\"fusion-fullwidth fullwidth-box fusion-builder-row-3 fusion-flex-container nonhundred-percent-fullwidth non-hundred-percent-height-scrolling\" style=\"--awb-border-radius-top-left:0px;--awb-border-radius-top-right:0px;--awb-border-radius-bottom-right:0px;--awb-border-radius-bottom-left:0px;\" ><div class=\"fusion-builder-row fusion-row fusion-flex-align-items-flex-start\" style=\"max-width:1144px;margin-left: calc(-4% \/ 2 );margin-right: calc(-4% \/ 2 );\"><div class=\"fusion-layout-column fusion_builder_column fusion-builder-column-4 fusion_builder_column_1_3 1_3 fusion-flex-column fusion-column-inner-bg-wrapper fusion-column-hover-type-liftup fusion-column-liftup-border fusion-animated\" style=\"--awb-inner-bg-color:#f4f4f4;--awb-inner-bg-size:cover;--awb-width-large:33.333333333333%;--awb-margin-top-large:0px;--awb-spacing-right-large:5.76%;--awb-margin-bottom-large:20px;--awb-spacing-left-large:5.76%;--awb-width-medium:33.333333333333%;--awb-order-medium:0;--awb-spacing-right-medium:5.76%;--awb-spacing-left-medium:5.76%;--awb-width-small:100%;--awb-order-small:0;--awb-spacing-right-small:1.92%;--awb-spacing-left-small:1.92%;\" data-animationType=\"zoomInLeft\" data-animationDuration=\"1.0\" data-animationDelay=\"0.3\" data-animationOffset=\"top-into-view\"><span class=\"fusion-column-inner-bg hover-type-liftup\"><a class=\"fusion-column-anchor\" href=\"https:\/\/rcaluminioycristal.com\/site\/canceles-para-bano-vidrio-templado-monterrey-san-nicolas\/\"><span class=\"fusion-column-inner-bg-image\"><\/span><\/a><\/span><div class=\"fusion-column-wrapper fusion-flex-justify-content-flex-start fusion-content-layout-column\"><div class=\"fusion-image-element \" style=\"text-align:center;--awb-caption-title-size:var(--h2_typography-font-size);--awb-caption-title-transform:var(--h2_typography-text-transform);--awb-caption-title-line-height:var(--h2_typography-line-height);--awb-caption-title-letter-spacing:var(--h2_typography-letter-spacing);\"><span class=\" fusion-imageframe imageframe-none imageframe-4 hover-type-none\" style=\"border:3px solid #f44336;\"><img data-recalc-dims=\"1\" decoding=\"async\" width=\"855\" height=\"540\" alt=\"Canceles de ba\u00f1o en vidrio templado en Monterrey\" title=\"Canceles de ba\u00f1o en vidrio templado en Monterrey\" src=\"https:\/\/i0.wp.com\/rcaluminioycristal.com\/site\/wp-content\/uploads\/2023\/08\/canceleria-de-cristal-seguro.jpg?resize=855%2C540&#038;ssl=1\" class=\"img-responsive wp-image-3382\" srcset=\"https:\/\/i0.wp.com\/rcaluminioycristal.com\/site\/wp-content\/uploads\/2023\/08\/canceleria-de-cristal-seguro.jpg?resize=200%2C126&amp;ssl=1 200w, https:\/\/i0.wp.com\/rcaluminioycristal.com\/site\/wp-content\/uploads\/2023\/08\/canceleria-de-cristal-seguro.jpg?resize=320%2C202&amp;ssl=1 320w, https:\/\/i0.wp.com\/rcaluminioycristal.com\/site\/wp-content\/uploads\/2023\/08\/canceleria-de-cristal-seguro.jpg?resize=400%2C253&amp;ssl=1 400w, https:\/\/i0.wp.com\/rcaluminioycristal.com\/site\/wp-content\/uploads\/2023\/08\/canceleria-de-cristal-seguro.jpg?resize=600%2C379&amp;ssl=1 600w, https:\/\/i0.wp.com\/rcaluminioycristal.com\/site\/wp-content\/uploads\/2023\/08\/canceleria-de-cristal-seguro.jpg?resize=700%2C441&amp;ssl=1 700w, https:\/\/i0.wp.com\/rcaluminioycristal.com\/site\/wp-content\/uploads\/2023\/08\/canceleria-de-cristal-seguro.jpg?resize=768%2C485&amp;ssl=1 768w, https:\/\/i0.wp.com\/rcaluminioycristal.com\/site\/wp-content\/uploads\/2023\/08\/canceleria-de-cristal-seguro.jpg?resize=800%2C505&amp;ssl=1 800w, https:\/\/i0.wp.com\/rcaluminioycristal.com\/site\/wp-content\/uploads\/2023\/08\/canceleria-de-cristal-seguro.jpg?w=855&amp;ssl=1 855w\" sizes=\"(max-width: 640px) 100vw, 400px\" \/><\/span><\/div><div class=\"fusion-text fusion-text-5\"><p style=\"text-align: center;\"><strong><span style=\"color: #ff0000;\">CANCELERIA<\/span><\/strong><\/p>\n<\/div><\/div><\/div><div class=\"fusion-layout-column fusion_builder_column fusion-builder-column-5 fusion_builder_column_1_3 1_3 fusion-flex-column fusion-column-inner-bg-wrapper fusion-column-hover-type-liftup fusion-column-liftup-border fusion-animated\" style=\"--awb-inner-bg-color:#f4f4f4;--awb-inner-bg-size:cover;--awb-width-large:33.333333333333%;--awb-margin-top-large:0px;--awb-spacing-right-large:5.76%;--awb-margin-bottom-large:20px;--awb-spacing-left-large:5.76%;--awb-width-medium:33.333333333333%;--awb-order-medium:0;--awb-spacing-right-medium:5.76%;--awb-spacing-left-medium:5.76%;--awb-width-small:100%;--awb-order-small:0;--awb-spacing-right-small:1.92%;--awb-spacing-left-small:1.92%;\" data-animationType=\"zoomInLeft\" data-animationDuration=\"1.0\" data-animationDelay=\"0.5\" data-animationOffset=\"top-into-view\"><span class=\"fusion-column-inner-bg hover-type-liftup\"><a class=\"fusion-column-anchor\" href=\"https:\/\/rcaluminioycristal.com\/site\/espejos-decorativos-para-bano-salas-biselados-monterrey-san-nicolas\/\"><span class=\"fusion-column-inner-bg-image\"><\/span><\/a><\/span><div class=\"fusion-column-wrapper fusion-flex-justify-content-flex-start fusion-content-layout-column\"><div class=\"fusion-image-element \" style=\"text-align:center;--awb-caption-title-size:var(--h2_typography-font-size);--awb-caption-title-transform:var(--h2_typography-text-transform);--awb-caption-title-line-height:var(--h2_typography-line-height);--awb-caption-title-letter-spacing:var(--h2_typography-letter-spacing);\"><span class=\" fusion-imageframe imageframe-none imageframe-5 hover-type-none\" style=\"border:3px solid #f44336;\"><img data-recalc-dims=\"1\" decoding=\"async\" width=\"855\" height=\"540\" alt=\"Fabricaci\u00f3n de espejos decorativos en Monterrey\" title=\"Espejos decorativos en Monterrey\" src=\"https:\/\/i0.wp.com\/rcaluminioycristal.com\/site\/wp-content\/uploads\/2023\/08\/espejos-modernos-mty.jpg?resize=855%2C540&#038;ssl=1\" class=\"img-responsive wp-image-3386\" srcset=\"https:\/\/i0.wp.com\/rcaluminioycristal.com\/site\/wp-content\/uploads\/2023\/08\/espejos-modernos-mty.jpg?resize=200%2C126&amp;ssl=1 200w, https:\/\/i0.wp.com\/rcaluminioycristal.com\/site\/wp-content\/uploads\/2023\/08\/espejos-modernos-mty.jpg?resize=320%2C202&amp;ssl=1 320w, https:\/\/i0.wp.com\/rcaluminioycristal.com\/site\/wp-content\/uploads\/2023\/08\/espejos-modernos-mty.jpg?resize=400%2C253&amp;ssl=1 400w, https:\/\/i0.wp.com\/rcaluminioycristal.com\/site\/wp-content\/uploads\/2023\/08\/espejos-modernos-mty.jpg?resize=600%2C379&amp;ssl=1 600w, https:\/\/i0.wp.com\/rcaluminioycristal.com\/site\/wp-content\/uploads\/2023\/08\/espejos-modernos-mty.jpg?resize=700%2C441&amp;ssl=1 700w, https:\/\/i0.wp.com\/rcaluminioycristal.com\/site\/wp-content\/uploads\/2023\/08\/espejos-modernos-mty.jpg?resize=768%2C485&amp;ssl=1 768w, https:\/\/i0.wp.com\/rcaluminioycristal.com\/site\/wp-content\/uploads\/2023\/08\/espejos-modernos-mty.jpg?resize=800%2C505&amp;ssl=1 800w, https:\/\/i0.wp.com\/rcaluminioycristal.com\/site\/wp-content\/uploads\/2023\/08\/espejos-modernos-mty.jpg?w=855&amp;ssl=1 855w\" sizes=\"(max-width: 640px) 100vw, 400px\" \/><\/span><\/div><div class=\"fusion-text fusion-text-6\"><p style=\"text-align: center;\"><span style=\"color: #ff0000;\"><strong>ESPEJOS DECORATIVOS<\/strong><\/span><\/p>\n<\/div><\/div><\/div><div class=\"fusion-layout-column fusion_builder_column fusion-builder-column-6 fusion_builder_column_1_3 1_3 fusion-flex-column fusion-column-inner-bg-wrapper fusion-column-hover-type-liftup fusion-column-liftup-border fusion-animated\" style=\"--awb-inner-bg-color:#f4f4f4;--awb-inner-bg-size:cover;--awb-width-large:33.333333333333%;--awb-margin-top-large:0px;--awb-spacing-right-large:5.76%;--awb-margin-bottom-large:20px;--awb-spacing-left-large:5.76%;--awb-width-medium:33.333333333333%;--awb-order-medium:0;--awb-spacing-right-medium:5.76%;--awb-spacing-left-medium:5.76%;--awb-width-small:100%;--awb-order-small:0;--awb-spacing-right-small:1.92%;--awb-spacing-left-small:1.92%;\" data-animationType=\"zoomInLeft\" data-animationDuration=\"1.0\" data-animationDelay=\"0.7\" data-animationOffset=\"top-into-view\"><span class=\"fusion-column-inner-bg hover-type-liftup\"><a class=\"fusion-column-anchor\" href=\"https:\/\/rcaluminioycristal.com\/site\/skymodul-iluminacion-natural-monterrey\/\"><span class=\"fusion-column-inner-bg-image\"><\/span><\/a><\/span><div class=\"fusion-column-wrapper fusion-flex-justify-content-flex-start fusion-content-layout-column\"><div class=\"fusion-image-element \" style=\"text-align:center;--awb-caption-title-size:var(--h2_typography-font-size);--awb-caption-title-transform:var(--h2_typography-text-transform);--awb-caption-title-line-height:var(--h2_typography-line-height);--awb-caption-title-letter-spacing:var(--h2_typography-letter-spacing);\"><span class=\" fusion-imageframe imageframe-none imageframe-6 hover-type-none\" style=\"border:3px solid #f44336;\"><img data-recalc-dims=\"1\" decoding=\"async\" width=\"855\" height=\"540\" alt=\"Skymodul distribuidor en Monterrey\" title=\"Skymodul distribuidor Monterrey\" src=\"https:\/\/i0.wp.com\/rcaluminioycristal.com\/site\/wp-content\/uploads\/2023\/08\/ilumanacion-natural-en-monterrey-mexico.jpg?resize=855%2C540&#038;ssl=1\" class=\"img-responsive wp-image-3384\" srcset=\"https:\/\/i0.wp.com\/rcaluminioycristal.com\/site\/wp-content\/uploads\/2023\/08\/ilumanacion-natural-en-monterrey-mexico.jpg?resize=200%2C126&amp;ssl=1 200w, https:\/\/i0.wp.com\/rcaluminioycristal.com\/site\/wp-content\/uploads\/2023\/08\/ilumanacion-natural-en-monterrey-mexico.jpg?resize=320%2C202&amp;ssl=1 320w, https:\/\/i0.wp.com\/rcaluminioycristal.com\/site\/wp-content\/uploads\/2023\/08\/ilumanacion-natural-en-monterrey-mexico.jpg?resize=400%2C253&amp;ssl=1 400w, https:\/\/i0.wp.com\/rcaluminioycristal.com\/site\/wp-content\/uploads\/2023\/08\/ilumanacion-natural-en-monterrey-mexico.jpg?resize=600%2C379&amp;ssl=1 600w, https:\/\/i0.wp.com\/rcaluminioycristal.com\/site\/wp-content\/uploads\/2023\/08\/ilumanacion-natural-en-monterrey-mexico.jpg?resize=700%2C441&amp;ssl=1 700w, https:\/\/i0.wp.com\/rcaluminioycristal.com\/site\/wp-content\/uploads\/2023\/08\/ilumanacion-natural-en-monterrey-mexico.jpg?resize=768%2C485&amp;ssl=1 768w, https:\/\/i0.wp.com\/rcaluminioycristal.com\/site\/wp-content\/uploads\/2023\/08\/ilumanacion-natural-en-monterrey-mexico.jpg?resize=800%2C505&amp;ssl=1 800w, https:\/\/i0.wp.com\/rcaluminioycristal.com\/site\/wp-content\/uploads\/2023\/08\/ilumanacion-natural-en-monterrey-mexico.jpg?w=855&amp;ssl=1 855w\" sizes=\"(max-width: 640px) 100vw, 400px\" \/><\/span><\/div><div class=\"fusion-text fusion-text-7\"><p style=\"text-align: center;\"><strong><span style=\"color: #ff0000;\">SKYMODUL<\/span><\/strong><\/p>\n<\/div><\/div><\/div><div class=\"fusion-layout-column fusion_builder_column fusion-builder-column-7 fusion_builder_column_1_1 1_1 fusion-flex-column\" style=\"--awb-bg-size:cover;--awb-width-large:100%;--awb-margin-top-large:0px;--awb-spacing-right-large:1.92%;--awb-margin-bottom-large:20px;--awb-spacing-left-large:1.92%;--awb-width-medium:100%;--awb-order-medium:0;--awb-spacing-right-medium:1.92%;--awb-spacing-left-medium:1.92%;--awb-width-small:100%;--awb-order-small:0;--awb-spacing-right-small:1.92%;--awb-spacing-left-small:1.92%;\"><div class=\"fusion-column-wrapper fusion-column-has-shadow fusion-flex-justify-content-flex-start fusion-content-layout-column\"><div style=\"text-align:center;\"><a class=\"fusion-button button-flat button-xlarge button-default fusion-button-default button-1 fusion-button-default-span fusion-button-default-type fusion-animated\" style=\"--button-border-radius-top-left:30px;--button-border-radius-top-right:30px;--button-border-radius-bottom-right:30px;--button-border-radius-bottom-left:30px;\" data-animationType=\"bounceInRight\" data-animationDuration=\"0.9\" data-animationOffset=\"top-into-view\" target=\"_self\" data-hover=\"text_slide_up\" href=\"#\" data-toggle=\"modal\" data-target=\".fusion-modal.formacontacto\"><i class=\"icon-awesomehandshake-o button-icon-left\" aria-hidden=\"true\"><\/i><div class=\"awb-button-text-transition\"><span class=\"fusion-button-text\">Contacto para asesor\u00eda<\/span><span class=\"fusion-button-text\">Contacto para asesor\u00eda<\/span><\/div><\/a><\/div>\n<\/div><\/div><\/div><\/div><\/p>\n<\/body>","protected":false},"excerpt":{"rendered":"","protected":false},"author":1,"featured_media":0,"parent":0,"menu_order":0,"comment_status":"closed","ping_status":"closed","template":"","meta":{"om_disable_all_campaigns":false,"ngg_post_thumbnail":0,"_joinchat":[],"footnotes":""},"class_list":["post-768","page","type-page","status-publish","hentry"],"aioseo_notices":[],"jetpack_sharing_enabled":true,"_links":{"self":[{"href":"https:\/\/rcaluminioycristal.com\/site\/wp-json\/wp\/v2\/pages\/768","targetHints":{"allow":["GET"]}}],"collection":[{"href":"https:\/\/rcaluminioycristal.com\/site\/wp-json\/wp\/v2\/pages"}],"about":[{"href":"https:\/\/rcaluminioycristal.com\/site\/wp-json\/wp\/v2\/types\/page"}],"author":[{"embeddable":true,"href":"https:\/\/rcaluminioycristal.com\/site\/wp-json\/wp\/v2\/users\/1"}],"replies":[{"embeddable":true,"href":"https:\/\/rcaluminioycristal.com\/site\/wp-json\/wp\/v2\/comments?post=768"}],"version-history":[{"count":18,"href":"https:\/\/rcaluminioycristal.com\/site\/wp-json\/wp\/v2\/pages\/768\/revisions"}],"predecessor-version":[{"id":3495,"href":"https:\/\/rcaluminioycristal.com\/site\/wp-json\/wp\/v2\/pages\/768\/revisions\/3495"}],"wp:attachment":[{"href":"https:\/\/rcaluminioycristal.com\/site\/wp-json\/wp\/v2\/media?parent=768"}],"curies":[{"name":"wp","href":"https:\/\/api.w.org\/{rel}","templated":true}]}}