{"id":3357,"date":"2023-08-12T17:46:19","date_gmt":"2023-08-12T17:46:19","guid":{"rendered":"https:\/\/rcaluminioycristal.com\/website\/?page_id=3357"},"modified":"2023-08-29T22:51:00","modified_gmt":"2023-08-29T22:51:00","slug":"catalogo-ventanas-canceles-aluminio-monterrey-saltillo","status":"publish","type":"page","link":"https:\/\/rcaluminioycristal.com\/site\/catalogo-ventanas-canceles-aluminio-monterrey-saltillo\/","title":{"rendered":"VENTANER\u00cdA"},"content":{"rendered":"<body><p><div class=\"fusion-fullwidth fullwidth-box fusion-builder-row-1 fusion-flex-container nonhundred-percent-fullwidth non-hundred-percent-height-scrolling\" style=\"--awb-border-radius-top-left:0px;--awb-border-radius-top-right:0px;--awb-border-radius-bottom-right:0px;--awb-border-radius-bottom-left:0px;\" ><div class=\"fusion-builder-row fusion-row fusion-flex-align-items-flex-start\" style=\"max-width:1144px;margin-left: calc(-4% \/ 2 );margin-right: calc(-4% \/ 2 );\"><div class=\"fusion-layout-column fusion_builder_column fusion-builder-column-0 fusion_builder_column_1_1 1_1 fusion-flex-column\" style=\"--awb-bg-size:cover;--awb-width-large:100%;--awb-margin-top-large:0px;--awb-spacing-right-large:1.92%;--awb-margin-bottom-large:20px;--awb-spacing-left-large:1.92%;--awb-width-medium:100%;--awb-spacing-right-medium:1.92%;--awb-spacing-left-medium:1.92%;--awb-width-small:100%;--awb-spacing-right-small:1.92%;--awb-spacing-left-small:1.92%;\"><div class=\"fusion-column-wrapper fusion-flex-justify-content-flex-start fusion-content-layout-column\"><div class=\"fusion-text fusion-text-1\"><h1>Ventaner\u00eda en Aluminio o PVC en Monterrey.<\/h1>\n<p>Seleccione la categor\u00eda de su inter\u00e9s para ver galer\u00eda de im\u00e1genes de puertas y ventanas en aluminio, PVC o l\u00ednea Eurovent con vidrio templado.<br>\nSomos fabricantes con atenci\u00f3n en toda el \u00e1rea metropolitana, cont\u00e1ctenos para asesor\u00eda y cotizar su proyecto.<\/p>\n<\/div><\/div><\/div><\/div><\/div><div class=\"fusion-fullwidth fullwidth-box fusion-builder-row-2 fusion-flex-container nonhundred-percent-fullwidth non-hundred-percent-height-scrolling\" style=\"--awb-border-radius-top-left:0px;--awb-border-radius-top-right:0px;--awb-border-radius-bottom-right:0px;--awb-border-radius-bottom-left:0px;\" ><div class=\"fusion-builder-row fusion-row fusion-flex-align-items-flex-start\" style=\"max-width:1144px;margin-left: calc(-4% \/ 2 );margin-right: calc(-4% \/ 2 );\"><div class=\"fusion-layout-column fusion_builder_column fusion-builder-column-1 fusion_builder_column_1_3 1_3 fusion-flex-column fusion-column-inner-bg-wrapper fusion-column-hover-type-liftup fusion-column-liftup-border fusion-animated\" style=\"--awb-inner-bg-color:#f4f4f4;--awb-inner-bg-image:linear-gradient(180deg, rgba(255,255,255,0.5) 0%,rgba(255,255,255,0.5) 100%);;--awb-inner-bg-size:cover;--awb-width-large:33.333333333333%;--awb-margin-top-large:0px;--awb-spacing-right-large:5.76%;--awb-margin-bottom-large:20px;--awb-spacing-left-large:5.76%;--awb-width-medium:33.333333333333%;--awb-order-medium:0;--awb-spacing-right-medium:5.76%;--awb-spacing-left-medium:5.76%;--awb-width-small:100%;--awb-order-small:0;--awb-spacing-right-small:1.92%;--awb-spacing-left-small:1.92%;\" data-animationType=\"zoomInLeft\" data-animationDuration=\"1.0\" data-animationOffset=\"top-into-view\"><span class=\"fusion-column-inner-bg hover-type-liftup\"><a class=\"fusion-column-anchor\" href=\"https:\/\/rcaluminioycristal.com\/site\/puertas-y-ventanas-aluminio-cristal-templado-monterrey\/\" aria-label=\"Puertas y Ventanas de Aluminio\"><span class=\"fusion-column-inner-bg-image\"><\/span><\/a><\/span><div class=\"fusion-column-wrapper fusion-flex-justify-content-flex-start fusion-content-layout-column\"><div class=\"fusion-image-element \" style=\"text-align:center;--awb-caption-title-size:var(--h2_typography-font-size);--awb-caption-title-transform:var(--h2_typography-text-transform);--awb-caption-title-line-height:var(--h2_typography-line-height);--awb-caption-title-letter-spacing:var(--h2_typography-letter-spacing);\"><span class=\" fusion-imageframe imageframe-none imageframe-1 hover-type-none\" style=\"border:3px solid #f44336;\"><img data-recalc-dims=\"1\" decoding=\"async\" width=\"855\" height=\"540\" alt=\"Puertas y Ventanas en Aluminio y Vidrio Templado en Monterrey\" title=\"Ventanas de Aluminio y Vidrio Templado en Monterrey\" src=\"https:\/\/i0.wp.com\/rcaluminioycristal.com\/site\/wp-content\/uploads\/2023\/08\/ventaneria-monterrey-aluminio.jpg?resize=855%2C540&#038;ssl=1\" class=\"img-responsive wp-image-3366\" srcset=\"https:\/\/i0.wp.com\/rcaluminioycristal.com\/site\/wp-content\/uploads\/2023\/08\/ventaneria-monterrey-aluminio.jpg?resize=200%2C126&amp;ssl=1 200w, https:\/\/i0.wp.com\/rcaluminioycristal.com\/site\/wp-content\/uploads\/2023\/08\/ventaneria-monterrey-aluminio.jpg?resize=320%2C202&amp;ssl=1 320w, https:\/\/i0.wp.com\/rcaluminioycristal.com\/site\/wp-content\/uploads\/2023\/08\/ventaneria-monterrey-aluminio.jpg?resize=400%2C253&amp;ssl=1 400w, https:\/\/i0.wp.com\/rcaluminioycristal.com\/site\/wp-content\/uploads\/2023\/08\/ventaneria-monterrey-aluminio.jpg?resize=600%2C379&amp;ssl=1 600w, https:\/\/i0.wp.com\/rcaluminioycristal.com\/site\/wp-content\/uploads\/2023\/08\/ventaneria-monterrey-aluminio.jpg?resize=700%2C441&amp;ssl=1 700w, https:\/\/i0.wp.com\/rcaluminioycristal.com\/site\/wp-content\/uploads\/2023\/08\/ventaneria-monterrey-aluminio.jpg?resize=768%2C485&amp;ssl=1 768w, https:\/\/i0.wp.com\/rcaluminioycristal.com\/site\/wp-content\/uploads\/2023\/08\/ventaneria-monterrey-aluminio.jpg?resize=800%2C505&amp;ssl=1 800w, https:\/\/i0.wp.com\/rcaluminioycristal.com\/site\/wp-content\/uploads\/2023\/08\/ventaneria-monterrey-aluminio.jpg?w=855&amp;ssl=1 855w\" sizes=\"(max-width: 640px) 100vw, 400px\" \/><\/span><\/div><div class=\"fusion-text fusion-text-2\"><p style=\"text-align: center;\"><span style=\"color: #ff0000;\"><b>VENTANERIA EN ALUMINIO<\/b><\/span><\/p>\n<\/div><\/div><\/div><div class=\"fusion-layout-column fusion_builder_column fusion-builder-column-2 fusion_builder_column_1_3 1_3 fusion-flex-column fusion-column-inner-bg-wrapper fusion-column-hover-type-liftup fusion-column-liftup-border fusion-animated\" style=\"--awb-inner-bg-color:#f4f4f4;--awb-inner-bg-size:cover;--awb-width-large:33.333333333333%;--awb-margin-top-large:0px;--awb-spacing-right-large:5.76%;--awb-margin-bottom-large:20px;--awb-spacing-left-large:5.76%;--awb-width-medium:33.333333333333%;--awb-order-medium:0;--awb-spacing-right-medium:5.76%;--awb-spacing-left-medium:5.76%;--awb-width-small:100%;--awb-order-small:0;--awb-spacing-right-small:1.92%;--awb-spacing-left-small:1.92%;\" data-animationType=\"zoomInLeft\" data-animationDuration=\"1.0\" data-animationDelay=\"0.2\" data-animationOffset=\"top-into-view\"><span class=\"fusion-column-inner-bg hover-type-liftup\"><a class=\"fusion-column-anchor\" href=\"https:\/\/rcaluminioycristal.com\/site\/linea-pvc-ventaneria-monterrey\/\" aria-label=\"Puertas y ventanas en PVC en Monterrey\"><span class=\"fusion-column-inner-bg-image\"><\/span><\/a><\/span><div class=\"fusion-column-wrapper fusion-flex-justify-content-flex-start fusion-content-layout-column\"><div class=\"fusion-image-element \" style=\"text-align:center;--awb-caption-title-size:var(--h2_typography-font-size);--awb-caption-title-transform:var(--h2_typography-text-transform);--awb-caption-title-line-height:var(--h2_typography-line-height);--awb-caption-title-letter-spacing:var(--h2_typography-letter-spacing);\"><span class=\" fusion-imageframe imageframe-none imageframe-2 hover-type-none\" style=\"border:3px solid #f44336;\"><img data-recalc-dims=\"1\" decoding=\"async\" width=\"855\" height=\"540\" alt=\"Puertas y ventanas de PVC en Monterrey\" title=\"Ventanas de PVC y Vidrio en Monterrey\" src=\"https:\/\/i0.wp.com\/rcaluminioycristal.com\/site\/wp-content\/uploads\/2023\/08\/instalacion-de-linea-pvc-17.jpg?resize=855%2C540&#038;ssl=1\" class=\"img-responsive wp-image-3364\" srcset=\"https:\/\/i0.wp.com\/rcaluminioycristal.com\/site\/wp-content\/uploads\/2023\/08\/instalacion-de-linea-pvc-17.jpg?resize=200%2C126&amp;ssl=1 200w, https:\/\/i0.wp.com\/rcaluminioycristal.com\/site\/wp-content\/uploads\/2023\/08\/instalacion-de-linea-pvc-17.jpg?resize=320%2C202&amp;ssl=1 320w, https:\/\/i0.wp.com\/rcaluminioycristal.com\/site\/wp-content\/uploads\/2023\/08\/instalacion-de-linea-pvc-17.jpg?resize=400%2C253&amp;ssl=1 400w, https:\/\/i0.wp.com\/rcaluminioycristal.com\/site\/wp-content\/uploads\/2023\/08\/instalacion-de-linea-pvc-17.jpg?resize=600%2C379&amp;ssl=1 600w, https:\/\/i0.wp.com\/rcaluminioycristal.com\/site\/wp-content\/uploads\/2023\/08\/instalacion-de-linea-pvc-17.jpg?resize=700%2C441&amp;ssl=1 700w, https:\/\/i0.wp.com\/rcaluminioycristal.com\/site\/wp-content\/uploads\/2023\/08\/instalacion-de-linea-pvc-17.jpg?resize=768%2C485&amp;ssl=1 768w, https:\/\/i0.wp.com\/rcaluminioycristal.com\/site\/wp-content\/uploads\/2023\/08\/instalacion-de-linea-pvc-17.jpg?resize=800%2C505&amp;ssl=1 800w, https:\/\/i0.wp.com\/rcaluminioycristal.com\/site\/wp-content\/uploads\/2023\/08\/instalacion-de-linea-pvc-17.jpg?w=855&amp;ssl=1 855w\" sizes=\"(max-width: 640px) 100vw, 400px\" \/><\/span><\/div><div class=\"fusion-text fusion-text-3\"><p style=\"text-align: center;\"><span style=\"color: #ff0000;\"><b>VENTANERIA EN PVC<\/b><\/span><\/p>\n<\/div><\/div><\/div><div class=\"fusion-layout-column fusion_builder_column fusion-builder-column-3 fusion_builder_column_1_3 1_3 fusion-flex-column fusion-column-inner-bg-wrapper fusion-column-hover-type-liftup fusion-column-liftup-border fusion-animated\" style=\"--awb-inner-bg-color:#f4f4f4;--awb-inner-bg-size:cover;--awb-width-large:33.333333333333%;--awb-margin-top-large:0px;--awb-spacing-right-large:5.76%;--awb-margin-bottom-large:20px;--awb-spacing-left-large:5.76%;--awb-width-medium:33.333333333333%;--awb-order-medium:0;--awb-spacing-right-medium:5.76%;--awb-spacing-left-medium:5.76%;--awb-width-small:100%;--awb-order-small:0;--awb-spacing-right-small:1.92%;--awb-spacing-left-small:1.92%;\" data-animationType=\"zoomInLeft\" data-animationDuration=\"1.0\" data-animationDelay=\"0.3\" data-animationOffset=\"top-into-view\"><span class=\"fusion-column-inner-bg hover-type-liftup\"><a class=\"fusion-column-anchor\" href=\"https:\/\/rcaluminioycristal.com\/site\/eurovent-serie-80-premium\/\" aria-label=\"L\u00ednea Eurovent 80 Premium en Monterrey\"><span class=\"fusion-column-inner-bg-image\"><\/span><\/a><\/span><div class=\"fusion-column-wrapper fusion-flex-justify-content-flex-start fusion-content-layout-column\"><div class=\"fusion-image-element \" style=\"text-align:center;--awb-caption-title-size:var(--h2_typography-font-size);--awb-caption-title-transform:var(--h2_typography-text-transform);--awb-caption-title-line-height:var(--h2_typography-line-height);--awb-caption-title-letter-spacing:var(--h2_typography-letter-spacing);\"><span class=\" fusion-imageframe imageframe-none imageframe-3 hover-type-none\" style=\"border:3px solid #f44336;\"><img data-recalc-dims=\"1\" decoding=\"async\" width=\"855\" height=\"540\" alt=\"L\u00ednea Eurovent 80 Premium de Cuprum\" title=\"Linea EuroVent 80 Premium en Monterrey\" src=\"https:\/\/i0.wp.com\/rcaluminioycristal.com\/site\/wp-content\/uploads\/2023\/08\/venetaneria-eurovent-serie-80.jpeg?resize=855%2C540&#038;ssl=1\" class=\"img-responsive wp-image-3367\" srcset=\"https:\/\/i0.wp.com\/rcaluminioycristal.com\/site\/wp-content\/uploads\/2023\/08\/venetaneria-eurovent-serie-80.jpeg?resize=200%2C126&amp;ssl=1 200w, https:\/\/i0.wp.com\/rcaluminioycristal.com\/site\/wp-content\/uploads\/2023\/08\/venetaneria-eurovent-serie-80.jpeg?resize=320%2C202&amp;ssl=1 320w, https:\/\/i0.wp.com\/rcaluminioycristal.com\/site\/wp-content\/uploads\/2023\/08\/venetaneria-eurovent-serie-80.jpeg?resize=400%2C253&amp;ssl=1 400w, https:\/\/i0.wp.com\/rcaluminioycristal.com\/site\/wp-content\/uploads\/2023\/08\/venetaneria-eurovent-serie-80.jpeg?resize=600%2C379&amp;ssl=1 600w, https:\/\/i0.wp.com\/rcaluminioycristal.com\/site\/wp-content\/uploads\/2023\/08\/venetaneria-eurovent-serie-80.jpeg?resize=700%2C441&amp;ssl=1 700w, https:\/\/i0.wp.com\/rcaluminioycristal.com\/site\/wp-content\/uploads\/2023\/08\/venetaneria-eurovent-serie-80.jpeg?resize=768%2C485&amp;ssl=1 768w, https:\/\/i0.wp.com\/rcaluminioycristal.com\/site\/wp-content\/uploads\/2023\/08\/venetaneria-eurovent-serie-80.jpeg?resize=800%2C505&amp;ssl=1 800w, https:\/\/i0.wp.com\/rcaluminioycristal.com\/site\/wp-content\/uploads\/2023\/08\/venetaneria-eurovent-serie-80.jpeg?w=855&amp;ssl=1 855w\" sizes=\"(max-width: 640px) 100vw, 400px\" \/><\/span><\/div><div class=\"fusion-text fusion-text-4\"><p style=\"text-align: center;\"><span style=\"color: #ff0000;\"><strong>EUROVENT 80 PREMIUM<\/strong><\/span><\/p>\n<\/div><\/div><\/div><\/div><\/div><div class=\"fusion-fullwidth fullwidth-box fusion-builder-row-3 fusion-flex-container nonhundred-percent-fullwidth non-hundred-percent-height-scrolling\" style=\"--awb-border-radius-top-left:0px;--awb-border-radius-top-right:0px;--awb-border-radius-bottom-right:0px;--awb-border-radius-bottom-left:0px;\" ><div class=\"fusion-builder-row fusion-row fusion-flex-align-items-flex-start\" style=\"max-width:1144px;margin-left: calc(-4% \/ 2 );margin-right: calc(-4% \/ 2 );\"><div class=\"fusion-layout-column fusion_builder_column fusion-builder-column-4 fusion_builder_column_1_3 1_3 fusion-flex-column fusion-column-inner-bg-wrapper fusion-column-hover-type-liftup fusion-column-liftup-border fusion-animated\" style=\"--awb-inner-bg-color:#f4f4f4;--awb-inner-bg-size:cover;--awb-width-large:33.333333333333%;--awb-margin-top-large:0px;--awb-spacing-right-large:5.76%;--awb-margin-bottom-large:20px;--awb-spacing-left-large:5.76%;--awb-width-medium:33.333333333333%;--awb-order-medium:0;--awb-spacing-right-medium:5.76%;--awb-spacing-left-medium:5.76%;--awb-width-small:100%;--awb-order-small:0;--awb-spacing-right-small:1.92%;--awb-spacing-left-small:1.92%;\" data-animationType=\"zoomInLeft\" data-animationDuration=\"1.0\" data-animationDelay=\"0.4\" data-animationOffset=\"top-into-view\"><span class=\"fusion-column-inner-bg hover-type-liftup\"><a class=\"fusion-column-anchor\" href=\"https:\/\/rcaluminioycristal.com\/site\/eurovent-serie-70-classic-monterrey\/\" aria-label=\"L\u00ednea Eurovent 70 Classic en Monterrey\"><span class=\"fusion-column-inner-bg-image\"><\/span><\/a><\/span><div class=\"fusion-column-wrapper fusion-flex-justify-content-flex-start fusion-content-layout-column\"><div class=\"fusion-image-element \" style=\"text-align:center;--awb-caption-title-size:var(--h2_typography-font-size);--awb-caption-title-transform:var(--h2_typography-text-transform);--awb-caption-title-line-height:var(--h2_typography-line-height);--awb-caption-title-letter-spacing:var(--h2_typography-letter-spacing);\"><span class=\" fusion-imageframe imageframe-none imageframe-4 hover-type-none\" style=\"border:3px solid #f44336;\"><img data-recalc-dims=\"1\" decoding=\"async\" width=\"855\" height=\"540\" alt=\"L\u00ednea Eurovent 70 Classic de Cuprum\" title=\"Linea EuroVent 70 Classic\" src=\"https:\/\/i0.wp.com\/rcaluminioycristal.com\/site\/wp-content\/uploads\/2023\/08\/puertas-eurovent-serie-70.jpg?resize=855%2C540&#038;ssl=1\" class=\"img-responsive wp-image-3368\" srcset=\"https:\/\/i0.wp.com\/rcaluminioycristal.com\/site\/wp-content\/uploads\/2023\/08\/puertas-eurovent-serie-70.jpg?resize=200%2C126&amp;ssl=1 200w, https:\/\/i0.wp.com\/rcaluminioycristal.com\/site\/wp-content\/uploads\/2023\/08\/puertas-eurovent-serie-70.jpg?resize=320%2C202&amp;ssl=1 320w, https:\/\/i0.wp.com\/rcaluminioycristal.com\/site\/wp-content\/uploads\/2023\/08\/puertas-eurovent-serie-70.jpg?resize=400%2C253&amp;ssl=1 400w, https:\/\/i0.wp.com\/rcaluminioycristal.com\/site\/wp-content\/uploads\/2023\/08\/puertas-eurovent-serie-70.jpg?resize=600%2C379&amp;ssl=1 600w, https:\/\/i0.wp.com\/rcaluminioycristal.com\/site\/wp-content\/uploads\/2023\/08\/puertas-eurovent-serie-70.jpg?resize=700%2C441&amp;ssl=1 700w, https:\/\/i0.wp.com\/rcaluminioycristal.com\/site\/wp-content\/uploads\/2023\/08\/puertas-eurovent-serie-70.jpg?resize=768%2C485&amp;ssl=1 768w, https:\/\/i0.wp.com\/rcaluminioycristal.com\/site\/wp-content\/uploads\/2023\/08\/puertas-eurovent-serie-70.jpg?resize=800%2C505&amp;ssl=1 800w, https:\/\/i0.wp.com\/rcaluminioycristal.com\/site\/wp-content\/uploads\/2023\/08\/puertas-eurovent-serie-70.jpg?w=855&amp;ssl=1 855w\" sizes=\"(max-width: 640px) 100vw, 400px\" \/><\/span><\/div><div class=\"fusion-text fusion-text-5\"><p style=\"text-align: center;\"><strong><span style=\"color: #ff0000;\">EUROVENT 70 CLASSIC<\/span><\/strong><\/p>\n<\/div><\/div><\/div><div class=\"fusion-layout-column fusion_builder_column fusion-builder-column-5 fusion_builder_column_1_1 1_1 fusion-flex-column\" style=\"--awb-bg-size:cover;--awb-width-large:100%;--awb-margin-top-large:0px;--awb-spacing-right-large:1.92%;--awb-margin-bottom-large:20px;--awb-spacing-left-large:1.92%;--awb-width-medium:100%;--awb-order-medium:0;--awb-spacing-right-medium:1.92%;--awb-spacing-left-medium:1.92%;--awb-width-small:100%;--awb-order-small:0;--awb-spacing-right-small:1.92%;--awb-spacing-left-small:1.92%;\"><div class=\"fusion-column-wrapper fusion-column-has-shadow fusion-flex-justify-content-flex-start fusion-content-layout-column\"><div style=\"text-align:center;\"><a class=\"fusion-button button-flat button-xlarge button-default fusion-button-default button-1 fusion-button-default-span fusion-button-default-type fusion-animated\" style=\"--button-border-radius-top-left:30px;--button-border-radius-top-right:30px;--button-border-radius-bottom-right:30px;--button-border-radius-bottom-left:30px;\" data-animationType=\"bounceInRight\" data-animationDuration=\"0.9\" data-animationOffset=\"top-into-view\" target=\"_self\" data-hover=\"text_slide_up\" href=\"#\" data-toggle=\"modal\" data-target=\".fusion-modal.formacontacto\"><i class=\"icon-awesomehandshake-o button-icon-left\" aria-hidden=\"true\"><\/i><div class=\"awb-button-text-transition\"><span class=\"fusion-button-text\">Contacto para asesor\u00eda<\/span><span class=\"fusion-button-text\">Contacto para asesor\u00eda<\/span><\/div><\/a><\/div>\n<\/div><\/div><\/div><\/div><div class=\"fusion-fullwidth fullwidth-box fusion-builder-row-4 fusion-flex-container has-pattern-background has-mask-background nonhundred-percent-fullwidth non-hundred-percent-height-scrolling\" style=\"--awb-border-radius-top-left:0px;--awb-border-radius-top-right:0px;--awb-border-radius-bottom-right:0px;--awb-border-radius-bottom-left:0px;\" ><div class=\"fusion-builder-row fusion-row fusion-flex-align-items-flex-start fusion-flex-justify-content-center\" style=\"max-width:1144px;margin-left: calc(-4% \/ 2 );margin-right: calc(-4% \/ 2 );\"><div class=\"fusion-layout-column fusion_builder_column fusion-builder-column-6 fusion_builder_column_1_1 1_1 fusion-flex-column\" style=\"--awb-bg-size:cover;--awb-width-large:100%;--awb-margin-top-large:0px;--awb-spacing-right-large:1.92%;--awb-margin-bottom-large:20px;--awb-spacing-left-large:1.92%;--awb-width-medium:100%;--awb-order-medium:0;--awb-spacing-right-medium:1.92%;--awb-spacing-left-medium:1.92%;--awb-width-small:100%;--awb-order-small:0;--awb-spacing-right-small:1.92%;--awb-spacing-left-small:1.92%;\"><div class=\"fusion-column-wrapper fusion-column-has-shadow fusion-flex-justify-content-flex-start fusion-content-layout-column\"><div class=\"fusion-modal modal fade modal-1 formacontacto\" tabindex=\"-1\" role=\"dialog\" aria-labelledby=\"modal-heading-1\" aria-hidden=\"true\" style=\"--awb-border-color:#ebebeb;--awb-background:#f6f6f6;\"><div class=\"modal-dialog modal-lg\" role=\"document\"><div class=\"modal-content fusion-modal-content\"><div class=\"modal-header\"><button class=\"close\" type=\"button\" data-dismiss=\"modal\" aria-hidden=\"true\" aria-label=\"Close\">&times;<\/button><h3 class=\"modal-title\" id=\"modal-heading-1\" data-dismiss=\"modal\" aria-hidden=\"true\">Cont\u00e1cto<\/h3><\/div><div class=\"modal-body fusion-clearfix\">\n<p>Complete el siguiente formulario para ponernos en contacto con usted y poder asesorarle y cotizar su proyecto.<\/p>\n\n<div class=\"wpcf7 no-js\" id=\"wpcf7-f8-o1\" lang=\"es-ES\" dir=\"ltr\" data-wpcf7-id=\"8\">\n<div class=\"screen-reader-response\"><p role=\"status\" aria-live=\"polite\" aria-atomic=\"true\"><\/p> <ul><\/ul><\/div>\n<form action=\"\/site\/wp-json\/wp\/v2\/pages\/3357#wpcf7-f8-o1\" method=\"post\" class=\"wpcf7-form init\" aria-label=\"Formulario de contacto\" novalidate=\"novalidate\" data-status=\"init\">\n<fieldset class=\"hidden-fields-container\"><input type=\"hidden\" name=\"_wpcf7\" value=\"8\" \/><input type=\"hidden\" name=\"_wpcf7_version\" value=\"6.1.5\" \/><input type=\"hidden\" name=\"_wpcf7_locale\" value=\"es_ES\" \/><input type=\"hidden\" name=\"_wpcf7_unit_tag\" value=\"wpcf7-f8-o1\" \/><input type=\"hidden\" name=\"_wpcf7_container_post\" value=\"0\" \/><input type=\"hidden\" name=\"_wpcf7_posted_data_hash\" value=\"\" \/><input type=\"hidden\" name=\"_wpcf7_recaptcha_response\" value=\"\" \/>\n<\/fieldset>\n<p><label> Nombre:<br \/>\n<span class=\"wpcf7-form-control-wrap\" data-name=\"your-name\"><input size=\"40\" maxlength=\"400\" class=\"wpcf7-form-control wpcf7-text wpcf7-validates-as-required\" autocomplete=\"name\" aria-required=\"true\" aria-invalid=\"false\" placeholder=\"Aqu\u00ed su nombre\" value=\"\" type=\"text\" name=\"your-name\" \/><\/span> <\/label>\n<\/p>\n<p><label> Correo electr\u00f3nico:<br \/>\n<span class=\"wpcf7-form-control-wrap\" data-name=\"your-email\"><input size=\"40\" maxlength=\"400\" class=\"wpcf7-form-control wpcf7-email wpcf7-validates-as-required wpcf7-text wpcf7-validates-as-email\" autocomplete=\"email\" aria-required=\"true\" aria-invalid=\"false\" placeholder=\"Aqu\u00ed su correo electr\u00f3nico\" value=\"\" type=\"email\" name=\"your-email\" \/><\/span> <\/label>\n<\/p>\n<p><label> Tel\u00e9fono:<br \/>\n<span class=\"wpcf7-form-control-wrap\" data-name=\"telefono\"><input size=\"40\" maxlength=\"400\" class=\"wpcf7-form-control wpcf7-tel wpcf7-validates-as-required wpcf7-text wpcf7-validates-as-tel\" autocomplete=\"telefono\" aria-required=\"true\" aria-invalid=\"false\" placeholder=\"Aqu\u00ed su tel\u00e9fono\" value=\"\" type=\"tel\" name=\"telefono\" \/><\/span><\/label>\n<\/p>\n<p><label> Ciudad:<br \/>\n<span class=\"wpcf7-form-control-wrap\" data-name=\"ciudad\"><input size=\"40\" maxlength=\"400\" class=\"wpcf7-form-control wpcf7-text wpcf7-validates-as-required\" autocomplete=\"ciudad\" aria-required=\"true\" aria-invalid=\"false\" placeholder=\"Aqu\u00ed su ciudad\" value=\"\" type=\"text\" name=\"ciudad\" \/><\/span><\/label>\n<\/p>\n<p><label> Inter\u00e9s en:<br \/>\n<span class=\"wpcf7-form-control-wrap\" data-name=\"your-subject\"><select class=\"wpcf7-form-control wpcf7-select wpcf7-validates-as-required\" aria-required=\"true\" aria-invalid=\"false\" name=\"your-subject\"><option value=\"Ventaner\u00eda PVC\">Ventaner\u00eda PVC<\/option><option value=\"Ventaner\u00eda Aluminio\">Ventaner\u00eda Aluminio<\/option><option value=\"Canceler\u00eda\">Canceler\u00eda<\/option><option value=\"Barandales\">Barandales<\/option><option value=\"Espejos Decorativos\">Espejos Decorativos<\/option><option value=\"L\u00ednea SkyModul\">L\u00ednea SkyModul<\/option><\/select><\/span> <\/label>\n<\/p>\n<p><label> Comentarios (opcional):<br \/>\n<span class=\"wpcf7-form-control-wrap\" data-name=\"your-message\"><textarea cols=\"40\" rows=\"10\" maxlength=\"2000\" class=\"wpcf7-form-control wpcf7-textarea\" aria-invalid=\"false\" name=\"your-message\"><\/textarea><\/span> <\/label>\n<\/p>\n<p><input class=\"wpcf7-form-control wpcf7-submit has-spinner\" type=\"submit\" value=\"Enviar Formulario\" \/>\n<\/p><div class=\"fusion-alert alert custom alert-custom fusion-alert-center wpcf7-response-output alert-dismissable\" role=\"alert\"><div class=\"fusion-alert-content-wrapper\"><span class=\"fusion-alert-content\"><\/span><\/div><button type=\"button\" class=\"close toggle-alert\" data-dismiss=\"alert\" aria-label=\"Close\">&times;<\/button><\/div>\n<\/form>\n<\/div>\n\n<\/div><div class=\"modal-footer\"><button class=\"fusion-button button-default button-medium button default medium\" type=\"button\" data-dismiss=\"modal\">Close<\/button><\/div><\/div><\/div><\/div><\/div><\/div><\/div><\/div>\n<\/p>\n<\/body>","protected":false},"excerpt":{"rendered":"","protected":false},"author":2,"featured_media":0,"parent":0,"menu_order":0,"comment_status":"closed","ping_status":"closed","template":"","meta":{"om_disable_all_campaigns":false,"ngg_post_thumbnail":0,"_joinchat":[],"footnotes":""},"class_list":["post-3357","page","type-page","status-publish","hentry"],"aioseo_notices":[],"jetpack_sharing_enabled":true,"_links":{"self":[{"href":"https:\/\/rcaluminioycristal.com\/site\/wp-json\/wp\/v2\/pages\/3357","targetHints":{"allow":["GET"]}}],"collection":[{"href":"https:\/\/rcaluminioycristal.com\/site\/wp-json\/wp\/v2\/pages"}],"about":[{"href":"https:\/\/rcaluminioycristal.com\/site\/wp-json\/wp\/v2\/types\/page"}],"author":[{"embeddable":true,"href":"https:\/\/rcaluminioycristal.com\/site\/wp-json\/wp\/v2\/users\/2"}],"replies":[{"embeddable":true,"href":"https:\/\/rcaluminioycristal.com\/site\/wp-json\/wp\/v2\/comments?post=3357"}],"version-history":[{"count":33,"href":"https:\/\/rcaluminioycristal.com\/site\/wp-json\/wp\/v2\/pages\/3357\/revisions"}],"predecessor-version":[{"id":3560,"href":"https:\/\/rcaluminioycristal.com\/site\/wp-json\/wp\/v2\/pages\/3357\/revisions\/3560"}],"wp:attachment":[{"href":"https:\/\/rcaluminioycristal.com\/site\/wp-json\/wp\/v2\/media?parent=3357"}],"curies":[{"name":"wp","href":"https:\/\/api.w.org\/{rel}","templated":true}]}}