{"id":2686,"date":"2023-07-07T21:09:46","date_gmt":"2023-07-07T21:09:46","guid":{"rendered":"https:\/\/rcaluminioycristal.com\/website\/?page_id=2686"},"modified":"2023-09-01T00:03:06","modified_gmt":"2023-09-01T00:03:06","slug":"linea-pvc-ventaneria-monterrey","status":"publish","type":"page","link":"https:\/\/rcaluminioycristal.com\/site\/linea-pvc-ventaneria-monterrey\/","title":{"rendered":"Puertas y ventanas de PVC en Monterrey"},"content":{"rendered":"<body><p><div class=\"fusion-fullwidth fullwidth-box fusion-builder-row-1 fusion-flex-container has-pattern-background has-mask-background hundred-percent-fullwidth non-hundred-percent-height-scrolling\" style=\"--awb-border-radius-top-left:0px;--awb-border-radius-top-right:0px;--awb-border-radius-bottom-right:0px;--awb-border-radius-bottom-left:0px;--awb-padding-top:0px;--awb-padding-bottom:0px;--awb-margin-top:0px;--awb-margin-bottom:0px;\" ><div class=\"fusion-builder-row fusion-row fusion-flex-align-items-flex-start\" style=\"width:104% !important;max-width:104% !important;margin-left: calc(-4% \/ 2 );margin-right: calc(-4% \/ 2 );\"><div class=\"fusion-layout-column fusion_builder_column fusion-builder-column-0 fusion_builder_column_1_1 1_1 fusion-flex-column\" style=\"--awb-bg-size:cover;--awb-width-large:100%;--awb-margin-top-large:0px;--awb-spacing-right-large:1.92%;--awb-margin-bottom-large:20px;--awb-spacing-left-large:1.92%;--awb-width-medium:100%;--awb-order-medium:0;--awb-spacing-right-medium:1.92%;--awb-spacing-left-medium:1.92%;--awb-width-small:100%;--awb-order-small:0;--awb-spacing-right-small:1.92%;--awb-spacing-left-small:1.92%;\"><div class=\"fusion-column-wrapper fusion-column-has-shadow fusion-flex-justify-content-flex-start fusion-content-layout-column\"><div class=\"fusion-image-carousel fusion-image-carousel-auto fusion-image-carousel-1 fusion-carousel-border\"><div class=\"awb-carousel awb-swiper awb-swiper-carousel\" data-autoplay=\"yes\" data-columns=\"1\" data-itemmargin=\"13\" data-itemwidth=\"180\" data-touchscroll=\"no\" data-imagesize=\"auto\" style=\"--awb-columns:1;\"><div class=\"swiper-wrapper fusion-flex-align-items-center\"><div class=\"swiper-slide\"><div class=\"fusion-carousel-item-wrapper\"><div class=\"fusion-image-wrapper hover-type-none\"><img decoding=\"async\" width=\"2000\" height=\"700\" src=\"https:\/\/i0.wp.com\/rcaluminioycristal.com\/site\/wp-content\/uploads\/2023\/08\/linea-eurofutur-70-de-kommerling-monterrey.jpg?fit=2000%2C700&amp;ssl=1\" class=\"attachment-full size-full\" alt=\"L\u00ednea Eurofutur 70 de Kommerling PVC en Monterrey, M\u00e9xico\" srcset=\"https:\/\/i0.wp.com\/rcaluminioycristal.com\/site\/wp-content\/uploads\/2023\/08\/linea-eurofutur-70-de-kommerling-monterrey.jpg?resize=200%2C70&amp;ssl=1 200w, https:\/\/i0.wp.com\/rcaluminioycristal.com\/site\/wp-content\/uploads\/2023\/08\/linea-eurofutur-70-de-kommerling-monterrey.jpg?resize=400%2C140&amp;ssl=1 400w, https:\/\/i0.wp.com\/rcaluminioycristal.com\/site\/wp-content\/uploads\/2023\/08\/linea-eurofutur-70-de-kommerling-monterrey.jpg?resize=600%2C210&amp;ssl=1 600w, https:\/\/i0.wp.com\/rcaluminioycristal.com\/site\/wp-content\/uploads\/2023\/08\/linea-eurofutur-70-de-kommerling-monterrey.jpg?resize=768%2C269&amp;ssl=1 768w, https:\/\/i0.wp.com\/rcaluminioycristal.com\/site\/wp-content\/uploads\/2023\/08\/linea-eurofutur-70-de-kommerling-monterrey.jpg?resize=800%2C280&amp;ssl=1 800w, https:\/\/i0.wp.com\/rcaluminioycristal.com\/site\/wp-content\/uploads\/2023\/08\/linea-eurofutur-70-de-kommerling-monterrey.jpg?resize=1200%2C420&amp;ssl=1 1200w, https:\/\/i0.wp.com\/rcaluminioycristal.com\/site\/wp-content\/uploads\/2023\/08\/linea-eurofutur-70-de-kommerling-monterrey.jpg?resize=1536%2C538&amp;ssl=1 1536w, https:\/\/i0.wp.com\/rcaluminioycristal.com\/site\/wp-content\/uploads\/2023\/08\/linea-eurofutur-70-de-kommerling-monterrey.jpg?fit=2000%2C700&amp;ssl=1 2000w\" sizes=\"(max-width: 1100px) 100vw, 1100px\" \/><\/div><\/div><\/div><div class=\"swiper-slide\"><div class=\"fusion-carousel-item-wrapper\"><div class=\"fusion-image-wrapper hover-type-none\"><img decoding=\"async\" width=\"2000\" height=\"700\" src=\"https:\/\/i0.wp.com\/rcaluminioycristal.com\/site\/wp-content\/uploads\/2023\/08\/linea-eurofine-70-de-kommerling-monterrey.jpg?fit=2000%2C700&amp;ssl=1\" class=\"attachment-full size-full\" alt=\"L\u00ednea Eurofine 70 de Kommerling en Monterrey, M\u00e9xico.\" srcset=\"https:\/\/i0.wp.com\/rcaluminioycristal.com\/site\/wp-content\/uploads\/2023\/08\/linea-eurofine-70-de-kommerling-monterrey.jpg?resize=200%2C70&amp;ssl=1 200w, https:\/\/i0.wp.com\/rcaluminioycristal.com\/site\/wp-content\/uploads\/2023\/08\/linea-eurofine-70-de-kommerling-monterrey.jpg?resize=400%2C140&amp;ssl=1 400w, https:\/\/i0.wp.com\/rcaluminioycristal.com\/site\/wp-content\/uploads\/2023\/08\/linea-eurofine-70-de-kommerling-monterrey.jpg?resize=600%2C210&amp;ssl=1 600w, https:\/\/i0.wp.com\/rcaluminioycristal.com\/site\/wp-content\/uploads\/2023\/08\/linea-eurofine-70-de-kommerling-monterrey.jpg?resize=768%2C269&amp;ssl=1 768w, https:\/\/i0.wp.com\/rcaluminioycristal.com\/site\/wp-content\/uploads\/2023\/08\/linea-eurofine-70-de-kommerling-monterrey.jpg?resize=800%2C280&amp;ssl=1 800w, https:\/\/i0.wp.com\/rcaluminioycristal.com\/site\/wp-content\/uploads\/2023\/08\/linea-eurofine-70-de-kommerling-monterrey.jpg?resize=1200%2C420&amp;ssl=1 1200w, https:\/\/i0.wp.com\/rcaluminioycristal.com\/site\/wp-content\/uploads\/2023\/08\/linea-eurofine-70-de-kommerling-monterrey.jpg?resize=1536%2C538&amp;ssl=1 1536w, https:\/\/i0.wp.com\/rcaluminioycristal.com\/site\/wp-content\/uploads\/2023\/08\/linea-eurofine-70-de-kommerling-monterrey.jpg?fit=2000%2C700&amp;ssl=1 2000w\" sizes=\"(max-width: 1100px) 100vw, 1100px\" \/><\/div><\/div><\/div><div class=\"swiper-slide\"><div class=\"fusion-carousel-item-wrapper\"><div class=\"fusion-image-wrapper hover-type-none\"><img decoding=\"async\" width=\"2000\" height=\"700\" src=\"https:\/\/i0.wp.com\/rcaluminioycristal.com\/site\/wp-content\/uploads\/2023\/08\/linea-premidoor-76-de-kommerling-monterrey.jpg?fit=2000%2C700&amp;ssl=1\" class=\"attachment-full size-full\" alt=\"L\u00ednea Premidoor de Kommerling PVC en Monterrey, M\u00e9xico\" srcset=\"https:\/\/i0.wp.com\/rcaluminioycristal.com\/site\/wp-content\/uploads\/2023\/08\/linea-premidoor-76-de-kommerling-monterrey.jpg?resize=200%2C70&amp;ssl=1 200w, https:\/\/i0.wp.com\/rcaluminioycristal.com\/site\/wp-content\/uploads\/2023\/08\/linea-premidoor-76-de-kommerling-monterrey.jpg?resize=400%2C140&amp;ssl=1 400w, https:\/\/i0.wp.com\/rcaluminioycristal.com\/site\/wp-content\/uploads\/2023\/08\/linea-premidoor-76-de-kommerling-monterrey.jpg?resize=600%2C210&amp;ssl=1 600w, https:\/\/i0.wp.com\/rcaluminioycristal.com\/site\/wp-content\/uploads\/2023\/08\/linea-premidoor-76-de-kommerling-monterrey.jpg?resize=768%2C269&amp;ssl=1 768w, https:\/\/i0.wp.com\/rcaluminioycristal.com\/site\/wp-content\/uploads\/2023\/08\/linea-premidoor-76-de-kommerling-monterrey.jpg?resize=800%2C280&amp;ssl=1 800w, https:\/\/i0.wp.com\/rcaluminioycristal.com\/site\/wp-content\/uploads\/2023\/08\/linea-premidoor-76-de-kommerling-monterrey.jpg?resize=1200%2C420&amp;ssl=1 1200w, https:\/\/i0.wp.com\/rcaluminioycristal.com\/site\/wp-content\/uploads\/2023\/08\/linea-premidoor-76-de-kommerling-monterrey.jpg?resize=1536%2C538&amp;ssl=1 1536w, https:\/\/i0.wp.com\/rcaluminioycristal.com\/site\/wp-content\/uploads\/2023\/08\/linea-premidoor-76-de-kommerling-monterrey.jpg?fit=2000%2C700&amp;ssl=1 2000w\" sizes=\"(max-width: 1100px) 100vw, 1100px\" \/><\/div><\/div><\/div><div class=\"swiper-slide\"><div class=\"fusion-carousel-item-wrapper\"><div class=\"fusion-image-wrapper hover-type-none\"><img decoding=\"async\" width=\"2000\" height=\"700\" src=\"https:\/\/i0.wp.com\/rcaluminioycristal.com\/site\/wp-content\/uploads\/2023\/08\/linea-premiline-80-de-kommerling-monterrey-1.jpg?fit=2000%2C700&amp;ssl=1\" class=\"attachment-full size-full\" alt=\"\" srcset=\"https:\/\/i0.wp.com\/rcaluminioycristal.com\/site\/wp-content\/uploads\/2023\/08\/linea-premiline-80-de-kommerling-monterrey-1.jpg?resize=200%2C70&amp;ssl=1 200w, https:\/\/i0.wp.com\/rcaluminioycristal.com\/site\/wp-content\/uploads\/2023\/08\/linea-premiline-80-de-kommerling-monterrey-1.jpg?resize=400%2C140&amp;ssl=1 400w, https:\/\/i0.wp.com\/rcaluminioycristal.com\/site\/wp-content\/uploads\/2023\/08\/linea-premiline-80-de-kommerling-monterrey-1.jpg?resize=600%2C210&amp;ssl=1 600w, https:\/\/i0.wp.com\/rcaluminioycristal.com\/site\/wp-content\/uploads\/2023\/08\/linea-premiline-80-de-kommerling-monterrey-1.jpg?resize=768%2C269&amp;ssl=1 768w, https:\/\/i0.wp.com\/rcaluminioycristal.com\/site\/wp-content\/uploads\/2023\/08\/linea-premiline-80-de-kommerling-monterrey-1.jpg?resize=800%2C280&amp;ssl=1 800w, https:\/\/i0.wp.com\/rcaluminioycristal.com\/site\/wp-content\/uploads\/2023\/08\/linea-premiline-80-de-kommerling-monterrey-1.jpg?resize=1200%2C420&amp;ssl=1 1200w, https:\/\/i0.wp.com\/rcaluminioycristal.com\/site\/wp-content\/uploads\/2023\/08\/linea-premiline-80-de-kommerling-monterrey-1.jpg?resize=1536%2C538&amp;ssl=1 1536w, https:\/\/i0.wp.com\/rcaluminioycristal.com\/site\/wp-content\/uploads\/2023\/08\/linea-premiline-80-de-kommerling-monterrey-1.jpg?fit=2000%2C700&amp;ssl=1 2000w\" sizes=\"(max-width: 1100px) 100vw, 1100px\" \/><\/div><\/div><\/div><\/div><div class=\"awb-swiper-button awb-swiper-button-prev\"><i class=\"awb-icon-angle-left\" aria-hidden=\"true\"><\/i><\/div><div class=\"awb-swiper-button awb-swiper-button-next\"><i class=\"awb-icon-angle-right\" aria-hidden=\"true\"><\/i><\/div><\/div><\/div><\/div><\/div><\/div><\/div><div class=\"fusion-fullwidth fullwidth-box fusion-builder-row-2 fusion-flex-container has-pattern-background has-mask-background nonhundred-percent-fullwidth non-hundred-percent-height-scrolling\" style=\"--awb-border-radius-top-left:0px;--awb-border-radius-top-right:0px;--awb-border-radius-bottom-right:0px;--awb-border-radius-bottom-left:0px;--awb-padding-top:0px;--awb-padding-right:20px;--awb-padding-bottom:20px;--awb-padding-left:20px;--awb-margin-top:0px;--awb-margin-bottom:20px;--awb-background-color:rgba(255,255,255,0.7);\" ><div class=\"fusion-builder-row fusion-row fusion-flex-align-items-flex-start\" style=\"max-width:1144px;margin-left: calc(-4% \/ 2 );margin-right: calc(-4% \/ 2 );\"><div class=\"fusion-layout-column fusion_builder_column fusion-builder-column-1 fusion_builder_column_1_1 1_1 fusion-flex-column\" style=\"--awb-bg-size:cover;--awb-width-large:100%;--awb-margin-top-large:0px;--awb-spacing-right-large:1.92%;--awb-margin-bottom-large:20px;--awb-spacing-left-large:1.92%;--awb-width-medium:100%;--awb-spacing-right-medium:1.92%;--awb-spacing-left-medium:1.92%;--awb-width-small:100%;--awb-spacing-right-small:1.92%;--awb-spacing-left-small:1.92%;\"><div class=\"fusion-column-wrapper fusion-flex-justify-content-flex-start fusion-content-layout-column\"><div class=\"fusion-image-element \" style=\"text-align:center;--awb-caption-title-size:var(--h2_typography-font-size);--awb-caption-title-transform:var(--h2_typography-text-transform);--awb-caption-title-line-height:var(--h2_typography-line-height);--awb-caption-title-letter-spacing:var(--h2_typography-letter-spacing);\"><span class=\" fusion-imageframe imageframe-none imageframe-1 hover-type-none fusion-animated\" data-animationType=\"bounceInRight\" data-animationDuration=\"2.0\" data-animationOffset=\"top-into-view\"><img data-recalc-dims=\"1\" decoding=\"async\" width=\"326\" height=\"171\" alt=\"Ventaner\u00eda PVC Kommerling en Monterrey M\u00e9xico\" title=\"Ventaner\u00eda PVC Kommerling en Monterrey M\u00e9xico\" src=\"https:\/\/i0.wp.com\/rcaluminioycristal.com\/site\/wp-content\/uploads\/2023\/08\/logo-kommerling-mexico.jpg?resize=326%2C171&#038;ssl=1\" class=\"img-responsive wp-image-3603\" srcset=\"https:\/\/i0.wp.com\/rcaluminioycristal.com\/site\/wp-content\/uploads\/2023\/08\/logo-kommerling-mexico.jpg?resize=200%2C105&amp;ssl=1 200w, https:\/\/i0.wp.com\/rcaluminioycristal.com\/site\/wp-content\/uploads\/2023\/08\/logo-kommerling-mexico.jpg?w=326&amp;ssl=1 326w\" sizes=\"(max-width: 640px) 100vw, 326px\" \/><\/span><\/div>\n<br>\n<div class=\"fusion-text fusion-text-1 fusion-animated\" data-animationType=\"bounceInLeft\" data-animationDuration=\"1.0\" data-animationOffset=\"top-into-view\"><h1>Puertas y ventanas de PVC en Monterrey.<\/h1>\n<p>Somos fabricantes certificados en M\u00e9xico por la marca alemana K\u00f6mmerling de ventanas y puertas en PVC\u00a0 \u2013 Fabricaci\u00f3n de ventanas y puertas de PVC y vidrio templado a la medida.<\/p>\n<p>La l\u00ednea de puertas y ventanas de PVC disponible en Monterrey y Saltillo nos permite crear pr\u00e1cticamente cualquier tipo de ventaner\u00eda gracias a que se adapta a un mayor umbral de paso con grandes alturas y con mejor aislamiento t\u00e9rmico. Fabricamos su proyecto arquitect\u00f3nico residencial o comercial a la medida, cont\u00e1ctenos para asesor\u00eda y presentar soluciones.<\/p>\n<p>La l\u00ednea K\u00f6mmerling se divide en 4 categor\u00edas:<\/p>\n<ul>\n<li>L\u00ednea Eurofutur 70<\/li>\n<li>L\u00ednea Eurofine 70<\/li>\n<li>L\u00ednea Premidoor 76<\/li>\n<li>L\u00ednea Premiline 80<\/li>\n<\/ul>\n<p>A continuaci\u00f3n, algunos ejemplos en ventaner\u00eda en PVC.<\/p>\n<\/div><div class=\"fusion-text fusion-text-2\">ngg_shortcode_0_placeholder\n<\/div><div style=\"text-align:center;\"><a class=\"fusion-button button-flat button-xlarge button-default fusion-button-default button-1 fusion-button-default-span fusion-button-default-type fusion-animated\" style=\"--button-border-radius-top-left:30px;--button-border-radius-top-right:30px;--button-border-radius-bottom-right:30px;--button-border-radius-bottom-left:30px;\" data-animationType=\"bounceInRight\" data-animationDuration=\"0.9\" data-animationOffset=\"top-into-view\" target=\"_self\" data-hover=\"text_slide_up\" href=\"#\" data-toggle=\"modal\" data-target=\".fusion-modal.formacontacto\"><i class=\"icon-awesomehandshake-o button-icon-left\" aria-hidden=\"true\"><\/i><div class=\"awb-button-text-transition\"><span class=\"fusion-button-text\">Contacto para asesor\u00eda<\/span><span class=\"fusion-button-text\">Contacto para asesor\u00eda<\/span><\/div><\/a><\/div>\n<br>\n<\/div><\/div><\/div><\/div><div class=\"fusion-fullwidth fullwidth-box fusion-builder-row-3 fusion-flex-container has-pattern-background has-mask-background nonhundred-percent-fullwidth non-hundred-percent-height-scrolling\" style=\"--awb-border-radius-top-left:0px;--awb-border-radius-top-right:0px;--awb-border-radius-bottom-right:0px;--awb-border-radius-bottom-left:0px;\" ><div class=\"fusion-builder-row fusion-row fusion-flex-align-items-flex-start\" style=\"max-width:1144px;margin-left: calc(-4% \/ 2 );margin-right: calc(-4% \/ 2 );\"><div class=\"fusion-layout-column fusion_builder_column fusion-builder-column-2 fusion_builder_column_1_1 1_1 fusion-flex-column\" style=\"--awb-bg-size:cover;--awb-width-large:100%;--awb-margin-top-large:0px;--awb-spacing-right-large:1.92%;--awb-margin-bottom-large:20px;--awb-spacing-left-large:1.92%;--awb-width-medium:100%;--awb-order-medium:0;--awb-spacing-right-medium:1.92%;--awb-spacing-left-medium:1.92%;--awb-width-small:100%;--awb-order-small:0;--awb-spacing-right-small:1.92%;--awb-spacing-left-small:1.92%;\"><div class=\"fusion-column-wrapper fusion-column-has-shadow fusion-flex-justify-content-flex-start fusion-content-layout-column\"><div class=\"fusion-sharing-box fusion-sharing-box-1 boxed-icons has-taglines layout-floated layout-medium-floated layout-small-stacked\" style=\"background-color:#000000;border-color:#cccccc;--awb-separator-border-color:#cccccc;--awb-separator-border-sizes:0px;--awb-layout:row;--awb-alignment-small:space-between;--awb-stacked-align-small:center;\" data-title=\"Puertas y ventanas de PVC en Monterrey\" data-description=\"Puertas y ventanas de PVC en Monterrey.\r\nSomos fabricantes certificados en M\u00e9xico por la marca alemana K\u00f6mmerling de ventanas y puertas en PVC&nbsp; - Fabricaci\u00f3n de ventanas y puertas de PVC y vidrio templado a la medida.\r\n\r\nLa l\u00ednea de puertas y ventanas de PVC disponible en Monterrey\" data-link=\"https:\/\/rcaluminioycristal.com\/site\/linea-pvc-ventaneria-monterrey\/\"><h4 class=\"tagline\" style=\"color:#ffffff;\">\u00a1Gracias por compartir esta p\u00e1gina en tu plataforma favorita!<\/h4><div class=\"fusion-social-networks sharingbox-shortcode-icon-wrapper sharingbox-shortcode-icon-wrapper-1 boxed-icons\"><span><a href=\"https:\/\/www.facebook.com\/sharer.php?u=https%3A%2F%2Frcaluminioycristal.com%2Fsite%2Flinea-pvc-ventaneria-monterrey%2F&amp;t=Puertas%20y%20ventanas%20de%20PVC%20en%20Monterrey\" target=\"_blank\" rel=\"noreferrer\" title=\"Facebook\" aria-label=\"Facebook\" data-placement=\"top\" data-toggle=\"tooltip\" data-title=\"Facebook\"><i class=\"fusion-social-network-icon fusion-tooltip fusion-facebook awb-icon-facebook\" style=\"color:#ffffff;background-color:#3b5998;border-color:#3b5998;border-radius:4px;\" aria-hidden=\"true\"><\/i><\/a><\/span><span><a href=\"https:\/\/twitter.com\/share?text=Puertas%20y%20ventanas%20de%20PVC%20en%20Monterrey&amp;url=https%3A%2F%2Frcaluminioycristal.com%2Fsite%2Flinea-pvc-ventaneria-monterrey%2F\" target=\"_blank\" rel=\"noopener noreferrer\" title=\"Twitter\" aria-label=\"Twitter\" data-placement=\"top\" data-toggle=\"tooltip\" data-title=\"Twitter\"><i class=\"fusion-social-network-icon fusion-tooltip fusion-twitter awb-icon-twitter\" style=\"color:#ffffff;background-color:#55acee;border-color:#55acee;border-radius:4px;\" aria-hidden=\"true\"><\/i><\/a><\/span><span><a href=\"https:\/\/www.linkedin.com\/shareArticle?mini=true&amp;url=https%3A%2F%2Frcaluminioycristal.com%2Fsite%2Flinea-pvc-ventaneria-monterrey%2F&amp;title=Puertas%20y%20ventanas%20de%20PVC%20en%20Monterrey&amp;summary=Puertas%20y%20ventanas%20de%20PVC%20en%20Monterrey.%0D%0ASomos%20fabricantes%20certificados%20en%20M%C3%A9xico%20por%20la%20marca%20alemana%20K%C3%B6mmerling%20de%20ventanas%20y%20puertas%20en%20PVC%26nbsp%3B%20-%20Fabricaci%C3%B3n%20de%20ventanas%20y%20puertas%20de%20PVC%20y%20vidrio%20templado%20a%20la%20medida.%0D%0A%0D%0ALa%20l%C3%ADnea%20de%20puertas%20y%20ventanas%20de%20PVC%20disponible%20en%20Monterrey\" target=\"_blank\" rel=\"noopener noreferrer\" title=\"LinkedIn\" aria-label=\"LinkedIn\" data-placement=\"top\" data-toggle=\"tooltip\" data-title=\"LinkedIn\"><i class=\"fusion-social-network-icon fusion-tooltip fusion-linkedin awb-icon-linkedin\" style=\"color:#ffffff;background-color:#0077b5;border-color:#0077b5;border-radius:4px;\" aria-hidden=\"true\"><\/i><\/a><\/span><span><a href=\"https:\/\/api.whatsapp.com\/send?text=https%3A%2F%2Frcaluminioycristal.com%2Fsite%2Flinea-pvc-ventaneria-monterrey%2F\" target=\"_blank\" rel=\"noopener noreferrer\" title=\"WhatsApp\" aria-label=\"WhatsApp\" data-placement=\"top\" data-toggle=\"tooltip\" data-title=\"WhatsApp\"><i class=\"fusion-social-network-icon fusion-tooltip fusion-whatsapp awb-icon-whatsapp\" style=\"color:#ffffff;background-color:#77e878;border-color:#77e878;border-radius:4px;\" aria-hidden=\"true\"><\/i><\/a><\/span><span><a href=\"https:\/\/t.me\/share\/url?url=https%3A%2F%2Frcaluminioycristal.com%2Fsite%2Flinea-pvc-ventaneria-monterrey%2F&amp;text=Puertas%20y%20ventanas%20de%20PVC%20en%20Monterrey\" target=\"_blank\" rel=\"noopener noreferrer\" title=\"Telegram\" aria-label=\"Telegram\" data-placement=\"top\" data-toggle=\"tooltip\" data-title=\"Telegram\"><i class=\"fusion-social-network-icon fusion-tooltip fusion-telegram awb-icon-telegram\" style=\"color:#ffffff;background-color:#0088cc;border-color:#0088cc;border-radius:4px;\" aria-hidden=\"true\"><\/i><\/a><\/span><span><a href=\"mailto:?subject=Puertas%20y%20ventanas%20de%20PVC%20en%20Monterrey&amp;body=https%3A%2F%2Frcaluminioycristal.com%2Fsite%2Flinea-pvc-ventaneria-monterrey%2F\" target=\"_self\" title=\"Email\" aria-label=\"Email\" data-placement=\"top\" data-toggle=\"tooltip\" data-title=\"Email\"><i class=\"fusion-social-network-icon fusion-tooltip fusion-mail awb-icon-mail\" style=\"color:#ffffff;background-color:#000000;border-color:#000000;border-radius:4px;\" aria-hidden=\"true\"><\/i><\/a><\/span><\/div><\/div><\/div><\/div><\/div><\/div><div class=\"fusion-fullwidth fullwidth-box fusion-builder-row-4 fusion-flex-container has-pattern-background has-mask-background nonhundred-percent-fullwidth non-hundred-percent-height-scrolling\" style=\"--awb-border-radius-top-left:0px;--awb-border-radius-top-right:0px;--awb-border-radius-bottom-right:0px;--awb-border-radius-bottom-left:0px;\" ><div class=\"fusion-builder-row fusion-row fusion-flex-align-items-flex-start fusion-flex-justify-content-center\" style=\"max-width:1144px;margin-left: calc(-4% \/ 2 );margin-right: calc(-4% \/ 2 );\"><div class=\"fusion-layout-column fusion_builder_column fusion-builder-column-3 fusion_builder_column_1_1 1_1 fusion-flex-column\" style=\"--awb-bg-size:cover;--awb-width-large:100%;--awb-margin-top-large:0px;--awb-spacing-right-large:1.92%;--awb-margin-bottom-large:20px;--awb-spacing-left-large:1.92%;--awb-width-medium:100%;--awb-order-medium:0;--awb-spacing-right-medium:1.92%;--awb-spacing-left-medium:1.92%;--awb-width-small:100%;--awb-order-small:0;--awb-spacing-right-small:1.92%;--awb-spacing-left-small:1.92%;\"><div class=\"fusion-column-wrapper fusion-column-has-shadow fusion-flex-justify-content-flex-start fusion-content-layout-column\"><div class=\"fusion-modal modal fade modal-1 formacontacto\" tabindex=\"-1\" role=\"dialog\" aria-labelledby=\"modal-heading-1\" aria-hidden=\"true\" style=\"--awb-border-color:#ebebeb;--awb-background:#f6f6f6;\"><div class=\"modal-dialog modal-lg\" role=\"document\"><div class=\"modal-content fusion-modal-content\"><div class=\"modal-header\"><button class=\"close\" type=\"button\" data-dismiss=\"modal\" aria-hidden=\"true\" aria-label=\"Close\">&times;<\/button><h3 class=\"modal-title\" id=\"modal-heading-1\" data-dismiss=\"modal\" aria-hidden=\"true\">Cont\u00e1cto<\/h3><\/div><div class=\"modal-body fusion-clearfix\">\n<p>Complete el siguiente formulario para ponernos en contacto con usted y poder asesorarle y cotizar su proyecto.<\/p>\n\n<div class=\"wpcf7 no-js\" id=\"wpcf7-f8-o1\" lang=\"es-ES\" dir=\"ltr\" data-wpcf7-id=\"8\">\n<div class=\"screen-reader-response\"><p role=\"status\" aria-live=\"polite\" aria-atomic=\"true\"><\/p> <ul><\/ul><\/div>\n<form action=\"\/site\/wp-json\/wp\/v2\/pages\/2686#wpcf7-f8-o1\" method=\"post\" class=\"wpcf7-form init\" aria-label=\"Formulario de contacto\" novalidate=\"novalidate\" data-status=\"init\">\n<fieldset class=\"hidden-fields-container\"><input type=\"hidden\" name=\"_wpcf7\" value=\"8\" \/><input type=\"hidden\" name=\"_wpcf7_version\" value=\"6.1.5\" \/><input type=\"hidden\" name=\"_wpcf7_locale\" value=\"es_ES\" \/><input type=\"hidden\" name=\"_wpcf7_unit_tag\" value=\"wpcf7-f8-o1\" \/><input type=\"hidden\" name=\"_wpcf7_container_post\" value=\"0\" \/><input type=\"hidden\" name=\"_wpcf7_posted_data_hash\" value=\"\" \/><input type=\"hidden\" name=\"_wpcf7_recaptcha_response\" value=\"\" \/>\n<\/fieldset>\n<p><label> Nombre:<br \/>\n<span class=\"wpcf7-form-control-wrap\" data-name=\"your-name\"><input size=\"40\" maxlength=\"400\" class=\"wpcf7-form-control wpcf7-text wpcf7-validates-as-required\" autocomplete=\"name\" aria-required=\"true\" aria-invalid=\"false\" placeholder=\"Aqu\u00ed su nombre\" value=\"\" type=\"text\" name=\"your-name\" \/><\/span> <\/label>\n<\/p>\n<p><label> Correo electr\u00f3nico:<br \/>\n<span class=\"wpcf7-form-control-wrap\" data-name=\"your-email\"><input size=\"40\" maxlength=\"400\" class=\"wpcf7-form-control wpcf7-email wpcf7-validates-as-required wpcf7-text wpcf7-validates-as-email\" autocomplete=\"email\" aria-required=\"true\" aria-invalid=\"false\" placeholder=\"Aqu\u00ed su correo electr\u00f3nico\" value=\"\" type=\"email\" name=\"your-email\" \/><\/span> <\/label>\n<\/p>\n<p><label> Tel\u00e9fono:<br \/>\n<span class=\"wpcf7-form-control-wrap\" data-name=\"telefono\"><input size=\"40\" maxlength=\"400\" class=\"wpcf7-form-control wpcf7-tel wpcf7-validates-as-required wpcf7-text wpcf7-validates-as-tel\" autocomplete=\"telefono\" aria-required=\"true\" aria-invalid=\"false\" placeholder=\"Aqu\u00ed su tel\u00e9fono\" value=\"\" type=\"tel\" name=\"telefono\" \/><\/span><\/label>\n<\/p>\n<p><label> Ciudad:<br \/>\n<span class=\"wpcf7-form-control-wrap\" data-name=\"ciudad\"><input size=\"40\" maxlength=\"400\" class=\"wpcf7-form-control wpcf7-text wpcf7-validates-as-required\" autocomplete=\"ciudad\" aria-required=\"true\" aria-invalid=\"false\" placeholder=\"Aqu\u00ed su ciudad\" value=\"\" type=\"text\" name=\"ciudad\" \/><\/span><\/label>\n<\/p>\n<p><label> Inter\u00e9s en:<br \/>\n<span class=\"wpcf7-form-control-wrap\" data-name=\"your-subject\"><select class=\"wpcf7-form-control wpcf7-select wpcf7-validates-as-required\" aria-required=\"true\" aria-invalid=\"false\" name=\"your-subject\"><option value=\"Ventaner\u00eda PVC\">Ventaner\u00eda PVC<\/option><option value=\"Ventaner\u00eda Aluminio\">Ventaner\u00eda Aluminio<\/option><option value=\"Canceler\u00eda\">Canceler\u00eda<\/option><option value=\"Barandales\">Barandales<\/option><option value=\"Espejos Decorativos\">Espejos Decorativos<\/option><option value=\"L\u00ednea SkyModul\">L\u00ednea SkyModul<\/option><\/select><\/span> <\/label>\n<\/p>\n<p><label> Comentarios (opcional):<br \/>\n<span class=\"wpcf7-form-control-wrap\" data-name=\"your-message\"><textarea cols=\"40\" rows=\"10\" maxlength=\"2000\" class=\"wpcf7-form-control wpcf7-textarea\" aria-invalid=\"false\" name=\"your-message\"><\/textarea><\/span> <\/label>\n<\/p>\n<p><input class=\"wpcf7-form-control wpcf7-submit has-spinner\" type=\"submit\" value=\"Enviar Formulario\" \/>\n<\/p><div class=\"fusion-alert alert custom alert-custom fusion-alert-center wpcf7-response-output alert-dismissable\" role=\"alert\"><div class=\"fusion-alert-content-wrapper\"><span class=\"fusion-alert-content\"><\/span><\/div><button type=\"button\" class=\"close toggle-alert\" data-dismiss=\"alert\" aria-label=\"Close\">&times;<\/button><\/div>\n<\/form>\n<\/div>\n\n<\/div><div class=\"modal-footer\"><button class=\"fusion-button button-default button-medium button default medium\" type=\"button\" data-dismiss=\"modal\">Close<\/button><\/div><\/div><\/div><\/div><\/div><\/div><\/div><\/div>\n<\/p>\n<\/body>","protected":false},"excerpt":{"rendered":"","protected":false},"author":2,"featured_media":0,"parent":0,"menu_order":0,"comment_status":"closed","ping_status":"closed","template":"100-width.php","meta":{"om_disable_all_campaigns":false,"ngg_post_thumbnail":0,"_joinchat":[],"footnotes":""},"class_list":["post-2686","page","type-page","status-publish","hentry"],"aioseo_notices":[],"jetpack_sharing_enabled":true,"_links":{"self":[{"href":"https:\/\/rcaluminioycristal.com\/site\/wp-json\/wp\/v2\/pages\/2686","targetHints":{"allow":["GET"]}}],"collection":[{"href":"https:\/\/rcaluminioycristal.com\/site\/wp-json\/wp\/v2\/pages"}],"about":[{"href":"https:\/\/rcaluminioycristal.com\/site\/wp-json\/wp\/v2\/types\/page"}],"author":[{"embeddable":true,"href":"https:\/\/rcaluminioycristal.com\/site\/wp-json\/wp\/v2\/users\/2"}],"replies":[{"embeddable":true,"href":"https:\/\/rcaluminioycristal.com\/site\/wp-json\/wp\/v2\/comments?post=2686"}],"version-history":[{"count":34,"href":"https:\/\/rcaluminioycristal.com\/site\/wp-json\/wp\/v2\/pages\/2686\/revisions"}],"predecessor-version":[{"id":3667,"href":"https:\/\/rcaluminioycristal.com\/site\/wp-json\/wp\/v2\/pages\/2686\/revisions\/3667"}],"wp:attachment":[{"href":"https:\/\/rcaluminioycristal.com\/site\/wp-json\/wp\/v2\/media?parent=2686"}],"curies":[{"name":"wp","href":"https:\/\/api.w.org\/{rel}","templated":true}]}}