{"id":147,"date":"2017-01-29T22:55:09","date_gmt":"2017-01-29T22:55:09","guid":{"rendered":"http:\/\/rcaluminioycristal.com\/?page_id=147"},"modified":"2023-08-31T23:47:18","modified_gmt":"2023-08-31T23:47:18","slug":"taller-de-aluminio-y-cristal-precios-monterrey-y-area-metropolitana","status":"publish","type":"page","link":"https:\/\/rcaluminioycristal.com\/site\/taller-de-aluminio-y-cristal-precios-monterrey-y-area-metropolitana\/","title":{"rendered":"NOSOTROS"},"content":{"rendered":"<body><p><div class=\"fusion-fullwidth fullwidth-box fusion-builder-row-1 fusion-flex-container nonhundred-percent-fullwidth non-hundred-percent-height-scrolling\" style=\"--awb-border-radius-top-left:0px;--awb-border-radius-top-right:0px;--awb-border-radius-bottom-right:0px;--awb-border-radius-bottom-left:0px;--awb-padding-top:20px;--awb-padding-bottom:20px;--awb-margin-bottom:0px;--awb-background-color:rgba(255,255,255,0);\" ><div class=\"fusion-builder-row fusion-row fusion-flex-align-items-flex-start\" style=\"max-width:1144px;margin-left: calc(-4% \/ 2 );margin-right: calc(-4% \/ 2 );\"><div class=\"fusion-layout-column fusion_builder_column fusion-builder-column-0 fusion_builder_column_1_5 1_5 fusion-flex-column\" style=\"--awb-bg-size:cover;--awb-width-large:20%;--awb-margin-top-large:0px;--awb-spacing-right-large:9.6%;--awb-margin-bottom-large:20px;--awb-spacing-left-large:9.6%;--awb-width-medium:20%;--awb-order-medium:0;--awb-spacing-right-medium:9.6%;--awb-spacing-left-medium:9.6%;--awb-width-small:100%;--awb-order-small:0;--awb-spacing-right-small:1.92%;--awb-spacing-left-small:1.92%;\"><div class=\"fusion-column-wrapper fusion-column-has-shadow fusion-flex-justify-content-flex-start fusion-content-layout-column\"><div class=\"fusion-image-element \" style=\"--awb-caption-title-size:var(--h2_typography-font-size);--awb-caption-title-transform:var(--h2_typography-text-transform);--awb-caption-title-line-height:var(--h2_typography-line-height);--awb-caption-title-letter-spacing:var(--h2_typography-letter-spacing);\"><span class=\" fusion-imageframe imageframe-none imageframe-1 hover-type-none\"><img data-recalc-dims=\"1\" decoding=\"async\" width=\"200\" height=\"356\" title=\"barandal-templado1-200&#215;356\" src=\"https:\/\/i0.wp.com\/rcaluminioycristal.com\/site\/wp-content\/uploads\/2023\/07\/barandal-templado1-200x356-1.jpg?resize=200%2C356&#038;ssl=1\" alt class=\"img-responsive wp-image-2924\"\/><\/span><\/div><\/div><\/div><div class=\"fusion-layout-column fusion_builder_column fusion-builder-column-1 fusion_builder_column_4_5 4_5 fusion-flex-column\" style=\"--awb-bg-size:cover;--awb-width-large:80%;--awb-margin-top-large:0px;--awb-spacing-right-large:2.4%;--awb-margin-bottom-large:20px;--awb-spacing-left-large:2.4%;--awb-width-medium:80%;--awb-order-medium:0;--awb-spacing-right-medium:2.4%;--awb-spacing-left-medium:2.4%;--awb-width-small:100%;--awb-order-small:0;--awb-spacing-right-small:1.92%;--awb-spacing-left-small:1.92%;\"><div class=\"fusion-column-wrapper fusion-column-has-shadow fusion-flex-justify-content-flex-start fusion-content-layout-column\"><div class=\"fusion-text fusion-text-1\"><p>Somos una empresa l\u00edder en la fabricaci\u00f3n de ventanas europeas y linea tradicional, puertas de aluminio, canceles para oficinas, barandales de cristal templado y acero inoxidable, mamparas para ba\u00f1o, puertas de seguridad y blindadas. Esto lo logramos a trav\u00e9s de la selecci\u00f3n de nuestra material prima, alta tecnolog\u00eda y nuestro personal altamente calificado en cada uno de los procesos que intervienen:<\/p>\n<p style=\"text-align: center;\"><strong>Dise\u00f1o, Asesor\u00eda, Fabricaci\u00f3n e Instalaci\u00f3n.<\/strong><\/p>\n<p>En <strong>RC Aluminio &amp; Cristal<\/strong>, usted puede tener la confianza de que su pedido se fabrica en el tiempo pactado y con los materiales especificados.<\/p>\n<p>Somos fabricantes de ventanas <strong>EUROVENT- DUOVENT<\/strong>, puertas corredizas y abatibles, canceles para ba\u00f1o y barandales en aluminio y\/o cristal templado.<\/p>\n<p>As\u00ed tambi\u00e9n dise\u00f1amos y fabricamos espejos decorativos y cubiertas para mesas, repisas o escritorios.<\/p>\n<p>Contamos con m\u00e1s de 21 a\u00f1os de experiencia que nos permiten poder atender cualquier requerimiento residencial o comercial, garantizando la satisfacci\u00f3n total de nuestros clientes.<\/p>\n<p>Trabajamos con arquitectos y empresas constructoras que requieren de compromiso, seriedad y calidad total en cada proyecto.<\/p>\n<p>Utilizamos los mejores materiales en el mercado, perfiles y herrajes de las mejores marcas, \u00a0para que nuestro producto final sea de su total agrado y cumpla con todas las normas de calidad.<\/p>\n<p>Perm\u00edtanos poder asesorarle, guiarlo en la mejor elecci\u00f3n de material y dise\u00f1o de acuerdo a sus necesidades y requerimientos.<\/p>\n<\/div><\/div><\/div><div class=\"fusion-layout-column fusion_builder_column fusion-builder-column-2 fusion_builder_column_1_1 1_1 fusion-flex-column\" style=\"--awb-padding-top:20px;--awb-padding-right:20px;--awb-padding-bottom:20px;--awb-padding-left:20px;--awb-bg-color:rgba(255,255,255,0.5);--awb-bg-size:cover;--awb-width-large:100%;--awb-margin-top-large:0px;--awb-spacing-right-large:1.92%;--awb-margin-bottom-large:20px;--awb-spacing-left-large:1.92%;--awb-width-medium:100%;--awb-spacing-right-medium:1.92%;--awb-spacing-left-medium:1.92%;--awb-width-small:100%;--awb-spacing-right-small:1.92%;--awb-spacing-left-small:1.92%;\"><div class=\"fusion-column-wrapper fusion-flex-justify-content-flex-start fusion-content-layout-column\"><div style=\"text-align:center;\"><a class=\"fusion-button button-flat button-xlarge button-default fusion-button-default button-1 fusion-button-default-span fusion-button-default-type fusion-animated\" style=\"--button-border-radius-top-left:30px;--button-border-radius-top-right:30px;--button-border-radius-bottom-right:30px;--button-border-radius-bottom-left:30px;\" data-animationType=\"bounceInRight\" data-animationDuration=\"0.9\" data-animationOffset=\"top-into-view\" target=\"_self\" data-hover=\"text_slide_up\" href=\"#\" data-toggle=\"modal\" data-target=\".fusion-modal.formacontacto\"><i class=\"icon-awesomehandshake-o button-icon-left\" aria-hidden=\"true\"><\/i><div class=\"awb-button-text-transition\"><span class=\"fusion-button-text\">Contacto para asesor\u00eda<\/span><span class=\"fusion-button-text\">Contacto para asesor\u00eda<\/span><\/div><\/a><\/div>\n<div class=\"fusion-text fusion-text-2\"><h2 style=\"text-align: center;\">\u00a0<\/h2>\n<h2 style=\"text-align: center;\">NUESTRA FILOSOFIA<\/h2>\n<p><strong>CALIDAD<\/strong>: El resultado de nuestro esfuerzo y control de calidad nos caracteriza como un producto perfecto por ser resistente al impacto duradero, f\u00e1cil de adaptarse a\u00a0cualquier forma y tama\u00f1o.<\/p>\n<p><strong>MISI\u00d3N:<\/strong>\u00a0Siempre buscamos la mejora constante, la innovaci\u00f3n para brindar a nuestros clientes la mejor calidad de nuestros productos y ofrecer una imagen profesional y est\u00e9tica en el dise\u00f1o.<\/p>\n<p><strong>VISI\u00d3N:\u00a0<\/strong>Nuestra visi\u00f3n es buscar siempre la excelencia, as\u00ed como tambi\u00e9n la implementaci\u00f3n\u00a0de sistemas integrales en nuestro proceso de producci\u00f3n, adem\u00e1s de innovar con el\u00a0fin de mejorar nuestros productos y aumentar nuestra lista de clientes satisfechos.<\/p>\n<\/div><\/div><\/div><\/div><\/div><div class=\"fusion-fullwidth fullwidth-box fusion-builder-row-2 fusion-flex-container nonhundred-percent-fullwidth non-hundred-percent-height-scrolling\" style=\"--awb-border-radius-top-left:0px;--awb-border-radius-top-right:0px;--awb-border-radius-bottom-right:0px;--awb-border-radius-bottom-left:0px;--awb-padding-top:20px;--awb-padding-bottom:20px;--awb-margin-top:0px;--awb-background-color:rgba(255,255,255,0.5);\" ><div class=\"fusion-builder-row fusion-row fusion-flex-align-items-flex-start\" style=\"max-width:1144px;margin-left: calc(-4% \/ 2 );margin-right: calc(-4% \/ 2 );\"><div class=\"fusion-layout-column fusion_builder_column fusion-builder-column-3 fusion_builder_column_1_1 1_1 fusion-flex-column\" style=\"--awb-bg-size:cover;--awb-width-large:100%;--awb-margin-top-large:0px;--awb-spacing-right-large:1.92%;--awb-margin-bottom-large:20px;--awb-spacing-left-large:1.92%;--awb-width-medium:100%;--awb-spacing-right-medium:1.92%;--awb-spacing-left-medium:1.92%;--awb-width-small:100%;--awb-spacing-right-small:1.92%;--awb-spacing-left-small:1.92%;\"><div class=\"fusion-column-wrapper fusion-flex-justify-content-flex-start fusion-content-layout-column\"><div class=\"fusion-text fusion-text-3\"><h1 style=\"text-align: center;\">TESTIMONIALES<\/h1>\n<p style=\"text-align: center;\"><div class=\"fusion-section-separator section-separator triangle fusion-section-separator-1\" style=\"--awb-border-bottom:0px solid #f6f6f6;--awb-spacer-height:0px;--awb-svg-margin-left:1.92%;--awb-svg-margin-right:1.92%;--awb-svg-margin-left-medium:1.92%;--awb-svg-margin-right-medium:1.92%;--awb-svg-margin-left-small:1.92%;--awb-svg-margin-right-small:1.92%;--awb-icon-color:#ffffff;\"><div class=\"fusion-section-separator-svg\"><div class=\"divider-candy-arrow bottom\" style=\"top:0px;border-top-color: #f41616;\"><\/div><div class=\"divider-candy bottom\" style=\"bottom:-20px;border-bottom:1px solid #f6f6f6;border-left:1px solid #f6f6f6;\"><\/div><\/div><div class=\"fusion-section-separator-spacer\"><div class=\"fusion-section-separator-spacer-height\"><\/div><\/div><\/div><br><\/p>\n<\/div><\/div><\/div><div class=\"fusion-layout-column fusion_builder_column fusion-builder-column-4 fusion_builder_column_1_3 1_3 fusion-flex-column\" style=\"--awb-bg-size:cover;--awb-width-large:33.333333333333%;--awb-margin-top-large:0px;--awb-spacing-right-large:5.76%;--awb-margin-bottom-large:20px;--awb-spacing-left-large:5.76%;--awb-width-medium:33.333333333333%;--awb-spacing-right-medium:5.76%;--awb-spacing-left-medium:5.76%;--awb-width-small:100%;--awb-spacing-right-small:1.92%;--awb-spacing-left-small:1.92%;\"><div class=\"fusion-column-wrapper fusion-flex-justify-content-flex-start fusion-content-layout-column\"><div class=\"fusion-testimonials classic fusion-testimonials-1\" style=\"--awb-textcolor:#747474;--awb-backgroundcolor:#f6f3f3;\" data-random=\"0\" data-speed=\"4000\"><div class=\"reviews\"><div class=\"review active-testimonial female\"><blockquote><q class=\"fusion-clearfix\"><br>\nExcelente servicio de RC Aluminio y Cristal, los recomiendo ampliamente.<\/p>\n<\/q><\/blockquote><div class=\"author\"><span class=\"testimonial-thumbnail doe\"><\/span><span class=\"company-name\"><strong>Sra. Consuelo Velazquez<\/strong><\/span><\/div><\/div><\/div><\/div><\/div><\/div><div class=\"fusion-layout-column fusion_builder_column fusion-builder-column-5 fusion_builder_column_1_3 1_3 fusion-flex-column\" style=\"--awb-bg-size:cover;--awb-width-large:33.333333333333%;--awb-margin-top-large:0px;--awb-spacing-right-large:5.76%;--awb-margin-bottom-large:20px;--awb-spacing-left-large:5.76%;--awb-width-medium:33.333333333333%;--awb-spacing-right-medium:5.76%;--awb-spacing-left-medium:5.76%;--awb-width-small:100%;--awb-spacing-right-small:1.92%;--awb-spacing-left-small:1.92%;\"><div class=\"fusion-column-wrapper fusion-flex-justify-content-flex-start fusion-content-layout-column\"><div class=\"fusion-testimonials classic fusion-testimonials-2\" style=\"--awb-textcolor:#747474;--awb-backgroundcolor:#f6f3f3;\" data-random=\"0\" data-speed=\"4000\"><div class=\"reviews\"><div class=\"review active-testimonial male\"><blockquote><q class=\"fusion-clearfix\">\n<p>Recomiendo a todo el equipo de trabajo que forma parte de RC Aluminio y Cristal, nos atendieron oportunamente desde la primer llamada. Saludos!<\/p>\n<\/q><\/blockquote><div class=\"author\"><span class=\"testimonial-thumbnail doe\"><\/span><span class=\"company-name\"><strong>Ing. Jorge Cavazos<\/strong><\/span><\/div><\/div><\/div><\/div><\/div><\/div><div class=\"fusion-layout-column fusion_builder_column fusion-builder-column-6 fusion_builder_column_1_3 1_3 fusion-flex-column\" style=\"--awb-bg-size:cover;--awb-width-large:33.333333333333%;--awb-margin-top-large:0px;--awb-spacing-right-large:5.76%;--awb-margin-bottom-large:20px;--awb-spacing-left-large:5.76%;--awb-width-medium:33.333333333333%;--awb-spacing-right-medium:5.76%;--awb-spacing-left-medium:5.76%;--awb-width-small:100%;--awb-spacing-right-small:1.92%;--awb-spacing-left-small:1.92%;\"><div class=\"fusion-column-wrapper fusion-flex-justify-content-flex-start fusion-content-layout-column\"><div class=\"fusion-testimonials classic fusion-testimonials-3\" style=\"--awb-textcolor:#747474;--awb-backgroundcolor:#f6f3f3;\" data-random=\"0\" data-speed=\"4000\"><div class=\"reviews\"><div class=\"review active-testimonial male\"><blockquote><q class=\"fusion-clearfix\">\n<p>Felicidades por el profesionalismo de su personal, cumplieron en tiempo y calidad con nuestro proyecto. Que siga el buen trabajo!<\/p>\n<\/q><\/blockquote><div class=\"author\"><span class=\"testimonial-thumbnail doe\"><\/span><span class=\"company-name\"><strong>Arq. Joel Salazar<\/strong>, <span>Arquitec S.A.<\/span><\/span><\/div><\/div><\/div><\/div><\/div><\/div><\/div><\/div><\/p>\n<\/body>","protected":false},"excerpt":{"rendered":"","protected":false},"author":1,"featured_media":0,"parent":0,"menu_order":0,"comment_status":"closed","ping_status":"closed","template":"100-width.php","meta":{"om_disable_all_campaigns":false,"ngg_post_thumbnail":0,"_joinchat":[],"footnotes":""},"class_list":["post-147","page","type-page","status-publish","hentry"],"aioseo_notices":[],"jetpack_sharing_enabled":true,"_links":{"self":[{"href":"https:\/\/rcaluminioycristal.com\/site\/wp-json\/wp\/v2\/pages\/147","targetHints":{"allow":["GET"]}}],"collection":[{"href":"https:\/\/rcaluminioycristal.com\/site\/wp-json\/wp\/v2\/pages"}],"about":[{"href":"https:\/\/rcaluminioycristal.com\/site\/wp-json\/wp\/v2\/types\/page"}],"author":[{"embeddable":true,"href":"https:\/\/rcaluminioycristal.com\/site\/wp-json\/wp\/v2\/users\/1"}],"replies":[{"embeddable":true,"href":"https:\/\/rcaluminioycristal.com\/site\/wp-json\/wp\/v2\/comments?post=147"}],"version-history":[{"count":18,"href":"https:\/\/rcaluminioycristal.com\/site\/wp-json\/wp\/v2\/pages\/147\/revisions"}],"predecessor-version":[{"id":3663,"href":"https:\/\/rcaluminioycristal.com\/site\/wp-json\/wp\/v2\/pages\/147\/revisions\/3663"}],"wp:attachment":[{"href":"https:\/\/rcaluminioycristal.com\/site\/wp-json\/wp\/v2\/media?parent=147"}],"curies":[{"name":"wp","href":"https:\/\/api.w.org\/{rel}","templated":true}]}}